{"id":1282,"date":"2022-04-24T14:12:58","date_gmt":"2022-04-24T14:12:58","guid":{"rendered":"https:\/\/emsolar.es\/?page_id=1282"},"modified":"2023-04-18T09:32:54","modified_gmt":"2023-04-18T09:32:54","slug":"solicitud-y-concesion-de-ayudas","status":"publish","type":"page","link":"https:\/\/emsolar.es\/en\/solicitud-y-concesion-de-ayudas\/","title":{"rendered":"Application and granting of subsides"},"content":{"rendered":"<div data-elementor-type=\"wp-page\" data-elementor-id=\"1282\" class=\"elementor elementor-1282\">\n\t\t\t\t\t\t<section class=\"elementor-section elementor-top-section elementor-element elementor-element-2c727a11 elementor-section-boxed elementor-section-height-default elementor-section-height-default\" data-id=\"2c727a11\" data-element_type=\"section\" data-settings=\"{&quot;background_background&quot;:&quot;classic&quot;}\">\n\t\t\t\t\t\t\t<div class=\"elementor-background-overlay\"><\/div>\n\t\t\t\t\t\t\t<div class=\"elementor-container elementor-column-gap-default\">\n\t\t\t\t\t<div class=\"elementor-column elementor-col-100 elementor-top-column elementor-element elementor-element-20d93112\" data-id=\"20d93112\" data-element_type=\"column\">\n\t\t\t<div class=\"elementor-widget-wrap elementor-element-populated\">\n\t\t\t\t\t\t<div class=\"elementor-element elementor-element-50b713cd elementor-widget elementor-widget-heading\" data-id=\"50b713cd\" data-element_type=\"widget\" data-widget_type=\"heading.default\">\n\t\t\t\t<div class=\"elementor-widget-container\">\n\t\t\t\t\t<h2 class=\"elementor-heading-title elementor-size-default\">We take care of the entire application and grant process, free of charge.<\/h2>\t\t\t\t<\/div>\n\t\t\t\t<\/div>\n\t\t\t\t\t<\/div>\n\t\t<\/div>\n\t\t\t\t\t<\/div>\n\t\t<\/section>\n\t\t\t\t<section class=\"elementor-section elementor-top-section elementor-element elementor-element-5f892020 elementor-section-boxed elementor-section-height-default elementor-section-height-default\" data-id=\"5f892020\" data-element_type=\"section\">\n\t\t\t\t\t\t<div class=\"elementor-container elementor-column-gap-default\">\n\t\t\t\t\t<div class=\"elementor-column elementor-col-100 elementor-top-column elementor-element elementor-element-2d6fc10\" data-id=\"2d6fc10\" data-element_type=\"column\">\n\t\t\t<div class=\"elementor-widget-wrap elementor-element-populated\">\n\t\t\t\t\t\t<div class=\"elementor-element elementor-element-fbb1484 elementor-widget elementor-widget-heading\" data-id=\"fbb1484\" data-element_type=\"widget\" data-widget_type=\"heading.default\">\n\t\t\t\t<div class=\"elementor-widget-container\">\n\t\t\t\t\t<h2 class=\"elementor-heading-title elementor-size-default\">Thinking of switching to solar energy? Bored with the constant increases in the price of electricity? We are the best solution, and we process your aid or subsidy completely free of charge.<\/h2>\t\t\t\t<\/div>\n\t\t\t\t<\/div>\n\t\t\t\t<div class=\"elementor-element elementor-element-db404c3 elementor-widget elementor-widget-text-editor\" data-id=\"db404c3\" data-element_type=\"widget\" data-widget_type=\"text-editor.default\">\n\t\t\t\t<div class=\"elementor-widget-container\">\n\t\t\t\t\t\t\t\t\t<p><strong>Do you want to know how we do it? Here we explain it to you step by step.<\/strong><\/p><p><strong>FIRST STEP<\/strong><\/p><p>We carry out an initial study of the client's energy consumption. For this we need, in the case of individuals, an electricity bill or access to energy consumption data.<\/p><p>In the case of companies, in order to carry out a preliminary study that adapts to their energy needs, we will ask for a full year's consumption.<\/p><p><strong>SECOND STEP<\/strong><\/p><p>Once the energy consumption has been obtained, our engineering department will carry out a simulation which will reflect the energy production that your installation would generate. This energy will be used for self-consumption, thus considerably reducing the cost of your electricity bill. The energy that is produced and not consumed can be compensated, obtaining an additional discount on the bill.<\/p><p><strong>THIRD STEP<\/strong><\/p><p>Together with the simulation carried out by our engineers, a budget will be drawn up in accordance with the client's needs, showing the energy savings, the estimated economic savings and the payback time for the investment.<\/p><p><strong>FOURTH STEP<\/strong><\/p><p>After accepting the estimate, our processing department will ask you for the necessary data to be able to manage the application for subsidies on your behalf, so that our client does not have to worry about any paperwork. In the event of any problem with the aid documentation, we will take care of solving it.<\/p><p>It should be noted that Emsolar will not charge any costs for the management and processing of the grants or subsidies requested by the client.<\/p><p><strong>FIFTH STEP<\/strong><\/p><p>Once the subsidies have been requested, our technicians and professionals can start with the photovoltaic installation, taking charge of installing the solar panels. We have a team of professionals who will take care of the details of your installation.<\/p>\t\t\t\t\t\t\t\t<\/div>\n\t\t\t\t<\/div>\n\t\t\t\t<div class=\"elementor-element elementor-element-da5f548 elementor-widget elementor-widget-image\" data-id=\"da5f548\" data-element_type=\"widget\" data-widget_type=\"image.default\">\n\t\t\t\t<div class=\"elementor-widget-container\">\n\t\t\t\t\t\t\t\t\t\t\t\t\t\t\t<img fetchpriority=\"high\" decoding=\"async\" width=\"800\" height=\"340\" src=\"https:\/\/emsolar.es\/wp-content\/uploads\/2022\/04\/Ayuda-Solar-1024x435.jpg\" class=\"attachment-large size-large wp-image-1301\" alt=\"\" srcset=\"https:\/\/emsolar.es\/wp-content\/uploads\/2022\/04\/Ayuda-Solar-1024x435.jpg 1024w, https:\/\/emsolar.es\/wp-content\/uploads\/2022\/04\/Ayuda-Solar-300x128.jpg 300w, https:\/\/emsolar.es\/wp-content\/uploads\/2022\/04\/Ayuda-Solar-768x326.jpg 768w, https:\/\/emsolar.es\/wp-content\/uploads\/2022\/04\/Ayuda-Solar-1536x653.jpg 1536w, https:\/\/emsolar.es\/wp-content\/uploads\/2022\/04\/Ayuda-Solar.jpg 2000w\" sizes=\"(max-width: 800px) 100vw, 800px\" \/>\t\t\t\t\t\t\t\t\t\t\t\t\t\t\t<\/div>\n\t\t\t\t<\/div>\n\t\t\t\t<div class=\"elementor-element elementor-element-41e04e1 elementor-widget elementor-widget-heading\" data-id=\"41e04e1\" data-element_type=\"widget\" data-widget_type=\"heading.default\">\n\t\t\t\t<div class=\"elementor-widget-container\">\n\t\t\t\t\t<h2 class=\"elementor-heading-title elementor-size-default\">Once the photovoltaic panels have been installed, our customers will enjoy much cleaner energy, thus contributing to the conservation of the environment.<\/h2>\t\t\t\t<\/div>\n\t\t\t\t<\/div>\n\t\t\t\t\t<\/div>\n\t\t<\/div>\n\t\t\t\t\t<\/div>\n\t\t<\/section>\n\t\t\t\t<section class=\"elementor-section elementor-top-section elementor-element elementor-element-51aebd4 elementor-section-boxed elementor-section-height-default elementor-section-height-default\" data-id=\"51aebd4\" data-element_type=\"section\">\n\t\t\t\t\t\t<div class=\"elementor-container elementor-column-gap-default\">\n\t\t\t\t\t<div class=\"elementor-column elementor-col-100 elementor-top-column elementor-element elementor-element-b184127\" data-id=\"b184127\" data-element_type=\"column\">\n\t\t\t<div class=\"elementor-widget-wrap elementor-element-populated\">\n\t\t\t\t\t\t<div class=\"elementor-element elementor-element-560c9bc elementor-widget elementor-widget-heading\" data-id=\"560c9bc\" data-element_type=\"widget\" data-widget_type=\"heading.default\">\n\t\t\t\t<div class=\"elementor-widget-container\">\n\t\t\t\t\t<h2 class=\"elementor-heading-title elementor-size-default\">Contact us to find out more<\/h2>\t\t\t\t<\/div>\n\t\t\t\t<\/div>\n\t\t\t\t<div class=\"elementor-element elementor-element-666ff82f elementor-widget-divider--view-line elementor-widget elementor-widget-divider\" data-id=\"666ff82f\" data-element_type=\"widget\" data-widget_type=\"divider.default\">\n\t\t\t\t<div class=\"elementor-widget-container\">\n\t\t\t\t\t\t\t<div class=\"elementor-divider\">\n\t\t\t<span class=\"elementor-divider-separator\">\n\t\t\t\t\t\t<\/span>\n\t\t<\/div>\n\t\t\t\t\t\t<\/div>\n\t\t\t\t<\/div>\n\t\t\t\t<div class=\"elementor-element elementor-element-75c0a671 elementor-button-align-end elementor-widget elementor-widget-form\" data-id=\"75c0a671\" data-element_type=\"widget\" data-settings=\"{&quot;step_next_label&quot;:&quot;Siguiente&quot;,&quot;step_previous_label&quot;:&quot;Anterior&quot;,&quot;button_width&quot;:&quot;100&quot;,&quot;step_type&quot;:&quot;number_text&quot;,&quot;step_icon_shape&quot;:&quot;circle&quot;}\" data-widget_type=\"form.default\">\n\t\t\t\t<div class=\"elementor-widget-container\">\n\t\t\t\t\t\t\t<form class=\"elementor-form\" method=\"post\" name=\"CONTACTO-PRINCIPAL\" action=\"\">\n\t\t\t<input type=\"hidden\" name=\"post_id\" value=\"1282\"\/>\n\t\t\t<input type=\"hidden\" name=\"form_id\" value=\"75c0a671\"\/>\n\t\t\t<input type=\"hidden\" name=\"referer_title\" value=\"EM Solar\" \/>\n\n\t\t\t\n\t\t\t<div class=\"elementor-form-fields-wrapper elementor-labels-above\">\n\t\t\t\t\t\t\t\t<div class=\"elementor-field-type-text elementor-field-group elementor-column elementor-field-group-name elementor-col-50\">\n\t\t\t\t\t\t\t\t\t\t\t\t<label for=\"form-field-name\" class=\"elementor-field-label\">\n\t\t\t\t\t\t\t\tName\t\t\t\t\t\t\t<\/label>\n\t\t\t\t\t\t\t\t\t\t\t\t\t\t<input size=\"1\" type=\"text\" name=\"form_fields[name]\" id=\"form-field-name\" class=\"elementor-field elementor-size-sm  elementor-field-textual\">\n\t\t\t\t\t\t\t\t\t\t\t<\/div>\n\t\t\t\t\t\t\t\t<div class=\"elementor-field-type-text elementor-field-group elementor-column elementor-field-group-field_81e5f51 elementor-col-50\">\n\t\t\t\t\t\t\t\t\t\t\t\t<label for=\"form-field-field_81e5f51\" class=\"elementor-field-label\">\n\t\t\t\t\t\t\t\tSurname\t\t\t\t\t\t\t<\/label>\n\t\t\t\t\t\t\t\t\t\t\t\t\t\t<input size=\"1\" type=\"text\" name=\"form_fields[field_81e5f51]\" id=\"form-field-field_81e5f51\" class=\"elementor-field elementor-size-sm  elementor-field-textual\">\n\t\t\t\t\t\t\t\t\t\t\t<\/div>\n\t\t\t\t\t\t\t\t<div class=\"elementor-field-type-email elementor-field-group elementor-column elementor-field-group-email elementor-col-50 elementor-field-required\">\n\t\t\t\t\t\t\t\t\t\t\t\t<label for=\"form-field-email\" class=\"elementor-field-label\">\n\t\t\t\t\t\t\t\tEmail address\t\t\t\t\t\t\t<\/label>\n\t\t\t\t\t\t\t\t\t\t\t\t\t\t<input size=\"1\" type=\"email\" name=\"form_fields[email]\" id=\"form-field-email\" class=\"elementor-field elementor-size-sm  elementor-field-textual\" required=\"required\" aria-required=\"true\">\n\t\t\t\t\t\t\t\t\t\t\t<\/div>\n\t\t\t\t\t\t\t\t<div class=\"elementor-field-type-tel elementor-field-group elementor-column elementor-field-group-field_c3fbcb5 elementor-col-50 elementor-field-required\">\n\t\t\t\t\t\t\t\t\t\t\t\t<label for=\"form-field-field_c3fbcb5\" class=\"elementor-field-label\">\n\t\t\t\t\t\t\t\tPhone number\t\t\t\t\t\t\t<\/label>\n\t\t\t\t\t\t\t\t<input size=\"1\" type=\"tel\" name=\"form_fields[field_c3fbcb5]\" id=\"form-field-field_c3fbcb5\" class=\"elementor-field elementor-size-sm  elementor-field-textual\" required=\"required\" aria-required=\"true\" pattern=\"[0-9()#&amp;+*-=.]+\" title=\"Only numbers and phone characters (#, -, *, etc) are accepted.\">\n\n\t\t\t\t\t\t<\/div>\n\t\t\t\t\t\t\t\t<div class=\"elementor-field-type-textarea elementor-field-group elementor-column elementor-field-group-message elementor-col-50 elementor-field-required\">\n\t\t\t\t\t\t\t\t\t\t\t\t<label for=\"form-field-message\" class=\"elementor-field-label\">\n\t\t\t\t\t\t\t\tSubject\t\t\t\t\t\t\t<\/label>\n\t\t\t\t\t\t<textarea class=\"elementor-field-textual elementor-field  elementor-size-sm\" name=\"form_fields[message]\" id=\"form-field-message\" rows=\"1\" required=\"required\" aria-required=\"true\"><\/textarea>\t\t\t\t<\/div>\n\t\t\t\t\t\t\t\t<div class=\"elementor-field-type-textarea elementor-field-group elementor-column elementor-field-group-field_6c71b8a elementor-col-50 elementor-field-required\">\n\t\t\t\t\t\t\t\t\t\t\t\t<label for=\"form-field-field_6c71b8a\" class=\"elementor-field-label\">\n\t\t\t\t\t\t\t\tWhere are you writing to us from?\t\t\t\t\t\t\t<\/label>\n\t\t\t\t\t\t<textarea class=\"elementor-field-textual elementor-field  elementor-size-sm\" name=\"form_fields[field_6c71b8a]\" id=\"form-field-field_6c71b8a\" rows=\"1\" placeholder=\"Your town or city\" required=\"required\" aria-required=\"true\"><\/textarea>\t\t\t\t<\/div>\n\t\t\t\t\t\t\t\t<div class=\"elementor-field-type-select elementor-field-group elementor-column elementor-field-group-field_4fe648f elementor-col-100\">\n\t\t\t\t\t\t\t\t\t\t\t\t<label for=\"form-field-field_4fe648f\" class=\"elementor-field-label\">\n\t\t\t\t\t\t\t\t\u00bfEn qu\u00e9 horario prefieres que te contactemos\t\t\t\t\t\t\t<\/label>\n\t\t\t\t\t\t\t\t<div class=\"elementor-field elementor-select-wrapper\">\n\t\t\t<select name=\"form_fields[field_4fe648f]\" id=\"form-field-field_4fe648f\" class=\"elementor-field-textual elementor-size-sm\">\n\t\t\t\t\t\t\t\t\t<option value=\"9:00 - 11:00\">9:00 - 11:00<\/option>\n\t\t\t\t\t\t\t\t\t<option value=\"11:00 - 13:00\">11:00 - 13:00<\/option>\n\t\t\t\t\t\t\t\t\t<option value=\"13:00 - 15:00\">13:00 - 15:00<\/option>\n\t\t\t\t\t\t\t\t\t<option value=\"15:00 - 17:00\">15:00 - 17:00<\/option>\n\t\t\t\t\t\t\t\t\t<option value=\"17:00 - 19:00\">17:00 - 19:00<\/option>\n\t\t\t\t\t\t\t\t\t<option value=\"19:00 - 21:00\">19:00 - 21:00<\/option>\n\t\t\t\t\t\t\t<\/select>\n\t\t<\/div>\n\t\t\t\t\t\t<\/div>\n\t\t\t\t\t\t\t\t<div class=\"elementor-field-type-textarea elementor-field-group elementor-column elementor-field-group-field_c10c6b0 elementor-col-100\">\n\t\t\t\t\t\t\t\t\t\t\t\t<label for=\"form-field-field_c10c6b0\" class=\"elementor-field-label\">\n\t\t\t\t\t\t\t\tMessage or comment\t\t\t\t\t\t\t<\/label>\n\t\t\t\t\t\t<textarea class=\"elementor-field-textual elementor-field  elementor-size-sm\" name=\"form_fields[field_c10c6b0]\" id=\"form-field-field_c10c6b0\" rows=\"4\"><\/textarea>\t\t\t\t<\/div>\n\t\t\t\t\t\t\t\t<div class=\"elementor-field-type-checkbox elementor-field-group elementor-column elementor-field-group-field_b4514b6 elementor-col-100\">\n\t\t\t\t\t<div class=\"elementor-field-subgroup\"><span class=\"elementor-field-option\"><input type=\"checkbox\" value=\"He le\u00eddo y acepto el Aviso Legal y Pol\u00edtica de Privacidad\" id=\"form-field-field_b4514b6-0\" name=\"form_fields[field_b4514b6]\"> <label for=\"form-field-field_b4514b6-0\">I have read and I accept the legal notice and the privacy policy<\/label><\/span><\/div>\t\t\t\t<\/div>\n\t\t\t\t\t\t\t\t<div class=\"elementor-field-type-recaptcha_v3 elementor-field-group elementor-column elementor-field-group-field_3034507 elementor-col-100 recaptcha_v3-inline\">\n\t\t\t\t\t<div class=\"elementor-field\" id=\"form-field-field_3034507\"><div class=\"elementor-g-recaptcha\" data-sitekey=\"6LeDp0gfAAAAAOjOOkh2oyGdi-cUGiH3RU4xTaC6\" data-type=\"v3\" data-action=\"Form\" data-badge=\"inline\" data-size=\"invisible\"><\/div><\/div>\t\t\t\t<\/div>\n\t\t\t\t\t\t\t\t<div class=\"elementor-field-group elementor-column elementor-field-type-submit elementor-col-100 e-form__buttons\">\n\t\t\t\t\t<button type=\"submit\" class=\"elementor-button elementor-size-sm\">\n\t\t\t\t\t\t<span >\n\t\t\t\t\t\t\t\t\t\t\t\t\t\t\t<span class=\"elementor-button-icon\">\n\t\t\t\t\t\t\t\t\t\t\t\t\t\t\t\t\t\t\t\t\t\t\t\t\t\t<\/span>\n\t\t\t\t\t\t\t\t\t\t\t\t\t\t\t\t\t\t\t\t\t\t<span class=\"elementor-button-text\">Send<\/span>\n\t\t\t\t\t\t\t\t\t\t\t\t\t<\/span>\n\t\t\t\t\t<\/button>\n\t\t\t\t<\/div>\n\t\t\t<\/div>\n\t\t<input type=\"hidden\" name=\"trp-form-language\" value=\"en\"\/><\/form>\n\t\t\t\t\t\t<\/div>\n\t\t\t\t<\/div>\n\t\t\t\t\t<\/div>\n\t\t<\/div>\n\t\t\t\t\t<\/div>\n\t\t<\/section>\n\t\t\t\t<\/div>","protected":false},"excerpt":{"rendered":"<p>Nos encargamos del proceso al completo para la solicitud y concesi\u00f3n de ayudas, de manera gratuita. \u00bfPensando en pasarte a la energ\u00eda solar? \u00bfAburrido de las subidas constantes del precio de la luz? Somos la mejor soluci\u00f3n, adem\u00e1s tramitamos tu ayuda o subvenci\u00f3n de manera totalmente gratuita. \u00bfQuieres saber como lo hacemos? Aqu\u00ed te lo [&hellip;]<\/p>","protected":false},"author":2,"featured_media":0,"parent":0,"menu_order":11,"comment_status":"closed","ping_status":"closed","template":"elementor_header_footer","meta":{"footnotes":""},"class_list":["post-1282","page","type-page","status-publish","hentry"],"yoast_head":"<!-- This site is optimized with the Yoast SEO Premium plugin v18.3 (Yoast SEO v25.5) - https:\/\/yoast.com\/wordpress\/plugins\/seo\/ -->\n<title>EmSolar - Eficiencia energ\u00e9tica - Solicitud y concesi\u00f3n de ayudas<\/title>\n<meta name=\"description\" content=\"\u00bfPensando en pasarte a la energ\u00eda solar? Somos la mejor soluci\u00f3n, adem\u00e1s tramitamos tu ayuda o subvenci\u00f3n de manera totalmente gratuita.\" \/>\n<meta name=\"robots\" content=\"index, follow, max-snippet:-1, max-image-preview:large, max-video-preview:-1\" \/>\n<link rel=\"canonical\" href=\"https:\/\/emsolar.es\/en\/solicitud-y-concesion-de-ayudas\/\" \/>\n<meta property=\"og:locale\" content=\"en_GB\" \/>\n<meta property=\"og:type\" content=\"article\" \/>\n<meta property=\"og:title\" content=\"Solicitud y concesi\u00f3n de ayudas\" \/>\n<meta property=\"og:description\" content=\"\u00bfPensando en pasarte a la energ\u00eda solar? Somos la mejor soluci\u00f3n, adem\u00e1s tramitamos tu ayuda o subvenci\u00f3n de manera totalmente gratuita.\" \/>\n<meta property=\"og:url\" content=\"https:\/\/emsolar.es\/en\/solicitud-y-concesion-de-ayudas\/\" \/>\n<meta property=\"og:site_name\" content=\"EM Solar\" \/>\n<meta property=\"article:modified_time\" content=\"2023-04-18T09:32:54+00:00\" \/>\n<meta property=\"og:image\" content=\"https:\/\/emsolar.es\/wp-content\/uploads\/2022\/04\/Ayuda-Solar-1024x435.jpg\" \/>\n<meta name=\"twitter:card\" content=\"summary_large_image\" \/>\n<meta name=\"twitter:label1\" content=\"Estimated reading time\" \/>\n\t<meta name=\"twitter:data1\" content=\"2 minutes\" \/>\n<script type=\"application\/ld+json\" class=\"yoast-schema-graph\">{\"@context\":\"https:\/\/schema.org\",\"@graph\":[{\"@type\":\"WebPage\",\"@id\":\"https:\/\/emsolar.es\/solicitud-y-concesion-de-ayudas\/\",\"url\":\"https:\/\/emsolar.es\/solicitud-y-concesion-de-ayudas\/\",\"name\":\"EmSolar - Eficiencia energ\u00e9tica - Solicitud y concesi\u00f3n de ayudas\",\"isPartOf\":{\"@id\":\"https:\/\/emsolar.es\/#website\"},\"primaryImageOfPage\":{\"@id\":\"https:\/\/emsolar.es\/solicitud-y-concesion-de-ayudas\/#primaryimage\"},\"image\":{\"@id\":\"https:\/\/emsolar.es\/solicitud-y-concesion-de-ayudas\/#primaryimage\"},\"thumbnailUrl\":\"https:\/\/emsolar.es\/wp-content\/uploads\/2022\/04\/Ayuda-Solar-1024x435.jpg\",\"datePublished\":\"2022-04-24T14:12:58+00:00\",\"dateModified\":\"2023-04-18T09:32:54+00:00\",\"description\":\"\u00bfPensando en pasarte a la energ\u00eda solar? Somos la mejor soluci\u00f3n, adem\u00e1s tramitamos tu ayuda o subvenci\u00f3n de manera totalmente gratuita.\",\"breadcrumb\":{\"@id\":\"https:\/\/emsolar.es\/solicitud-y-concesion-de-ayudas\/#breadcrumb\"},\"inLanguage\":\"en-GB\",\"potentialAction\":[{\"@type\":\"ReadAction\",\"target\":[\"https:\/\/emsolar.es\/solicitud-y-concesion-de-ayudas\/\"]}]},{\"@type\":\"ImageObject\",\"inLanguage\":\"en-GB\",\"@id\":\"https:\/\/emsolar.es\/solicitud-y-concesion-de-ayudas\/#primaryimage\",\"url\":\"https:\/\/emsolar.es\/wp-content\/uploads\/2022\/04\/Ayuda-Solar-1024x435.jpg\",\"contentUrl\":\"https:\/\/emsolar.es\/wp-content\/uploads\/2022\/04\/Ayuda-Solar-1024x435.jpg\"},{\"@type\":\"BreadcrumbList\",\"@id\":\"https:\/\/emsolar.es\/solicitud-y-concesion-de-ayudas\/#breadcrumb\",\"itemListElement\":[{\"@type\":\"ListItem\",\"position\":1,\"name\":\"Portada\",\"item\":\"https:\/\/emsolar.es\/\"},{\"@type\":\"ListItem\",\"position\":2,\"name\":\"Solicitud y concesi\u00f3n de ayudas\"}]},{\"@type\":\"WebSite\",\"@id\":\"https:\/\/emsolar.es\/#website\",\"url\":\"https:\/\/emsolar.es\/\",\"name\":\"EM Solar\",\"description\":\"Instalaciones fotovoltaicas - Eficiencia y sostenibilidad\",\"publisher\":{\"@id\":\"https:\/\/emsolar.es\/#organization\"},\"potentialAction\":[{\"@type\":\"SearchAction\",\"target\":{\"@type\":\"EntryPoint\",\"urlTemplate\":\"https:\/\/emsolar.es\/?s={search_term_string}\"},\"query-input\":{\"@type\":\"PropertyValueSpecification\",\"valueRequired\":true,\"valueName\":\"search_term_string\"}}],\"inLanguage\":\"en-GB\"},{\"@type\":\"Organization\",\"@id\":\"https:\/\/emsolar.es\/#organization\",\"name\":\"EmSolar\",\"url\":\"https:\/\/emsolar.es\/\",\"logo\":{\"@type\":\"ImageObject\",\"inLanguage\":\"en-GB\",\"@id\":\"https:\/\/emsolar.es\/#\/schema\/logo\/image\/\",\"url\":\"https:\/\/emsolar.es\/wp-content\/uploads\/2022\/03\/emsolar-gris-horizontal.png\",\"contentUrl\":\"https:\/\/emsolar.es\/wp-content\/uploads\/2022\/03\/emsolar-gris-horizontal.png\",\"width\":2481,\"height\":828,\"caption\":\"EmSolar\"},\"image\":{\"@id\":\"https:\/\/emsolar.es\/#\/schema\/logo\/image\/\"}}]}<\/script>\n<!-- \/ Yoast SEO Premium plugin. -->","yoast_head_json":{"title":"EmSolar - Eficiencia energ\u00e9tica - Solicitud y concesi\u00f3n de ayudas","description":"\u00bfPensando en pasarte a la energ\u00eda solar? Somos la mejor soluci\u00f3n, adem\u00e1s tramitamos tu ayuda o subvenci\u00f3n de manera totalmente gratuita.","robots":{"index":"index","follow":"follow","max-snippet":"max-snippet:-1","max-image-preview":"max-image-preview:large","max-video-preview":"max-video-preview:-1"},"canonical":"https:\/\/emsolar.es\/en\/solicitud-y-concesion-de-ayudas\/","og_locale":"en_GB","og_type":"article","og_title":"Solicitud y concesi\u00f3n de ayudas","og_description":"\u00bfPensando en pasarte a la energ\u00eda solar? Somos la mejor soluci\u00f3n, adem\u00e1s tramitamos tu ayuda o subvenci\u00f3n de manera totalmente gratuita.","og_url":"https:\/\/emsolar.es\/en\/solicitud-y-concesion-de-ayudas\/","og_site_name":"EM Solar","article_modified_time":"2023-04-18T09:32:54+00:00","og_image":[{"url":"https:\/\/emsolar.es\/wp-content\/uploads\/2022\/04\/Ayuda-Solar-1024x435.jpg","type":"","width":"","height":""}],"twitter_card":"summary_large_image","twitter_misc":{"Estimated reading time":"2 minutes"},"schema":{"@context":"https:\/\/schema.org","@graph":[{"@type":"WebPage","@id":"https:\/\/emsolar.es\/solicitud-y-concesion-de-ayudas\/","url":"https:\/\/emsolar.es\/solicitud-y-concesion-de-ayudas\/","name":"EmSolar - Eficiencia energ\u00e9tica - Solicitud y concesi\u00f3n de ayudas","isPartOf":{"@id":"https:\/\/emsolar.es\/#website"},"primaryImageOfPage":{"@id":"https:\/\/emsolar.es\/solicitud-y-concesion-de-ayudas\/#primaryimage"},"image":{"@id":"https:\/\/emsolar.es\/solicitud-y-concesion-de-ayudas\/#primaryimage"},"thumbnailUrl":"https:\/\/emsolar.es\/wp-content\/uploads\/2022\/04\/Ayuda-Solar-1024x435.jpg","datePublished":"2022-04-24T14:12:58+00:00","dateModified":"2023-04-18T09:32:54+00:00","description":"\u00bfPensando en pasarte a la energ\u00eda solar? Somos la mejor soluci\u00f3n, adem\u00e1s tramitamos tu ayuda o subvenci\u00f3n de manera totalmente gratuita.","breadcrumb":{"@id":"https:\/\/emsolar.es\/solicitud-y-concesion-de-ayudas\/#breadcrumb"},"inLanguage":"en-GB","potentialAction":[{"@type":"ReadAction","target":["https:\/\/emsolar.es\/solicitud-y-concesion-de-ayudas\/"]}]},{"@type":"ImageObject","inLanguage":"en-GB","@id":"https:\/\/emsolar.es\/solicitud-y-concesion-de-ayudas\/#primaryimage","url":"https:\/\/emsolar.es\/wp-content\/uploads\/2022\/04\/Ayuda-Solar-1024x435.jpg","contentUrl":"https:\/\/emsolar.es\/wp-content\/uploads\/2022\/04\/Ayuda-Solar-1024x435.jpg"},{"@type":"BreadcrumbList","@id":"https:\/\/emsolar.es\/solicitud-y-concesion-de-ayudas\/#breadcrumb","itemListElement":[{"@type":"ListItem","position":1,"name":"Portada","item":"https:\/\/emsolar.es\/"},{"@type":"ListItem","position":2,"name":"Solicitud y concesi\u00f3n de ayudas"}]},{"@type":"WebSite","@id":"https:\/\/emsolar.es\/#website","url":"https:\/\/emsolar.es\/","name":"EM Solar","description":"Instalaciones fotovoltaicas - Eficiencia y sostenibilidad","publisher":{"@id":"https:\/\/emsolar.es\/#organization"},"potentialAction":[{"@type":"SearchAction","target":{"@type":"EntryPoint","urlTemplate":"https:\/\/emsolar.es\/?s={search_term_string}"},"query-input":{"@type":"PropertyValueSpecification","valueRequired":true,"valueName":"search_term_string"}}],"inLanguage":"en-GB"},{"@type":"Organization","@id":"https:\/\/emsolar.es\/#organization","name":"EmSolar","url":"https:\/\/emsolar.es\/","logo":{"@type":"ImageObject","inLanguage":"en-GB","@id":"https:\/\/emsolar.es\/#\/schema\/logo\/image\/","url":"https:\/\/emsolar.es\/wp-content\/uploads\/2022\/03\/emsolar-gris-horizontal.png","contentUrl":"https:\/\/emsolar.es\/wp-content\/uploads\/2022\/03\/emsolar-gris-horizontal.png","width":2481,"height":828,"caption":"EmSolar"},"image":{"@id":"https:\/\/emsolar.es\/#\/schema\/logo\/image\/"}}]}},"_links":{"self":[{"href":"https:\/\/emsolar.es\/en\/wp-json\/wp\/v2\/pages\/1282","targetHints":{"allow":["GET"]}}],"collection":[{"href":"https:\/\/emsolar.es\/en\/wp-json\/wp\/v2\/pages"}],"about":[{"href":"https:\/\/emsolar.es\/en\/wp-json\/wp\/v2\/types\/page"}],"author":[{"embeddable":true,"href":"https:\/\/emsolar.es\/en\/wp-json\/wp\/v2\/users\/2"}],"replies":[{"embeddable":true,"href":"https:\/\/emsolar.es\/en\/wp-json\/wp\/v2\/comments?post=1282"}],"version-history":[{"count":0,"href":"https:\/\/emsolar.es\/en\/wp-json\/wp\/v2\/pages\/1282\/revisions"}],"wp:attachment":[{"href":"https:\/\/emsolar.es\/en\/wp-json\/wp\/v2\/media?parent=1282"}],"curies":[{"name":"wp","href":"https:\/\/api.w.org\/{rel}","templated":true}]}}