{"id":2035,"date":"2023-03-20T10:40:32","date_gmt":"2023-03-20T10:40:32","guid":{"rendered":"https:\/\/emsolar.es\/?page_id=2035"},"modified":"2023-03-20T10:49:46","modified_gmt":"2023-03-20T10:49:46","slug":"canal-denuncia","status":"publish","type":"page","link":"https:\/\/emsolar.es\/en\/canal-denuncia\/","title":{"rendered":"Canal Denuncia"},"content":{"rendered":"<div data-elementor-type=\"wp-page\" data-elementor-id=\"2035\" class=\"elementor elementor-2035\">\n\t\t\t\t\t\t<section class=\"elementor-section elementor-top-section elementor-element elementor-element-e273f76 elementor-section-boxed elementor-section-height-default elementor-section-height-default\" data-id=\"e273f76\" data-element_type=\"section\">\n\t\t\t\t\t\t<div class=\"elementor-container elementor-column-gap-default\">\n\t\t\t\t\t<div class=\"elementor-column elementor-col-100 elementor-top-column elementor-element elementor-element-352e5a5\" data-id=\"352e5a5\" data-element_type=\"column\">\n\t\t\t<div class=\"elementor-widget-wrap elementor-element-populated\">\n\t\t\t\t\t\t<div class=\"elementor-element elementor-element-de3f7bb elementor-widget elementor-widget-text-editor\" data-id=\"de3f7bb\" data-element_type=\"widget\" data-widget_type=\"text-editor.default\">\n\t\t\t\t<div class=\"elementor-widget-container\">\n\t\t\t\t\t\t\t\t\t<h1 style=\"overflow-wrap: break-word; margin-right: 0px; margin-bottom: 0px; margin-left: 0px; color: #333333; font-family: Poppins, sans-serif; text-align: center; background-color: #f6f6f6;\"><strong>EN EMSOLAR TE ESCUCHAMOS<\/strong><\/h1>\n<p style=\"overflow-wrap: break-word; margin-right: 0px; margin-bottom: 0px; margin-left: 0px; color: #333333; font-family: Poppins, sans-serif; text-align: center; background-color: #f6f6f6;\">\n<\/p><p style=\"overflow-wrap: break-word; margin-right: 0px; margin-bottom: 0px; margin-left: 0px; color: #333333; font-family: Poppins, sans-serif; text-align: center; background-color: #f6f6f6;\">Bienvenido a nuestro canal de Emsolar te escucha. Este canal tiene como objetivo constituir un mecanismo eficaz para que a trav\u00e9s de la colaboraci\u00f3n de todas aquellas personas que se relacionan con nuestra sociedad, se puedan detectar aquellas pr\u00e1cticas irregulares o il\u00edcitas que contravengan los valores y principios establecidos en nuestro c\u00f3digo de conducta o en el C\u00f3digo Penal.<\/p>\n<p style=\"overflow-wrap: break-word; margin-right: 0px; margin-bottom: 0px; margin-left: 0px; color: #333333; font-family: Poppins, sans-serif; text-align: center; background-color: #f6f6f6;\">La formulaci\u00f3n de denuncias se realizar\u00e1 de acuerdo con lo previsto con el C\u00f3digo de Conducta de Emsolar.<\/p>\n<p style=\"overflow-wrap: break-word; margin-right: 0px; margin-bottom: 0px; margin-left: 0px; color: #333333; font-family: Poppins, sans-serif; text-align: center; background-color: #f6f6f6;\">En el caso de que su reclamaci\u00f3n est\u00e9 relacionada con la calidad de alguno de nuestros productos o servicios, p\u00f3ngase en contacto con Atenci\u00f3n al Cliente a trav\u00e9s de cualquiera de los medios establecidos para ello en nuestra p\u00e1gina web, en el apartado de contacto.<\/p>\n<p style=\"overflow-wrap: break-word; margin-right: 0px; margin-bottom: 0px; margin-left: 0px; color: #333333; font-family: Poppins, sans-serif; text-align: center; background-color: #f6f6f6;\">Para comunicar la denuncia de forma an\u00f3nima, rellene el siguiente formulario.<\/p>\t\t\t\t\t\t\t\t<\/div>\n\t\t\t\t<\/div>\n\t\t\t\t\t<\/div>\n\t\t<\/div>\n\t\t\t\t\t<\/div>\n\t\t<\/section>\n\t\t\t\t<section class=\"elementor-section elementor-top-section elementor-element elementor-element-22ac9b8d elementor-section-full_width elementor-section-height-default elementor-section-height-default\" data-id=\"22ac9b8d\" data-element_type=\"section\">\n\t\t\t\t\t\t<div class=\"elementor-container elementor-column-gap-default\">\n\t\t\t\t\t<div class=\"elementor-column elementor-col-100 elementor-top-column elementor-element elementor-element-145ff3d3\" data-id=\"145ff3d3\" data-element_type=\"column\">\n\t\t\t<div class=\"elementor-widget-wrap elementor-element-populated\">\n\t\t\t\t\t\t<div class=\"elementor-element elementor-element-2ad1dde0 elementor-widget elementor-widget-heading\" data-id=\"2ad1dde0\" data-element_type=\"widget\" data-widget_type=\"heading.default\">\n\t\t\t\t<div class=\"elementor-widget-container\">\n\t\t\t\t\t<h2 class=\"elementor-heading-title elementor-size-default\">Te escuchamos<\/h2>\t\t\t\t<\/div>\n\t\t\t\t<\/div>\n\t\t\t\t<div class=\"elementor-element elementor-element-2a3647bc elementor-widget-divider--view-line elementor-widget elementor-widget-divider\" data-id=\"2a3647bc\" data-element_type=\"widget\" data-widget_type=\"divider.default\">\n\t\t\t\t<div class=\"elementor-widget-container\">\n\t\t\t\t\t\t\t<div class=\"elementor-divider\">\n\t\t\t<span class=\"elementor-divider-separator\">\n\t\t\t\t\t\t<\/span>\n\t\t<\/div>\n\t\t\t\t\t\t<\/div>\n\t\t\t\t<\/div>\n\t\t\t\t<div class=\"elementor-element elementor-element-2f134889 elementor-button-align-end elementor-widget elementor-widget-form\" data-id=\"2f134889\" data-element_type=\"widget\" data-settings=\"{&quot;step_next_label&quot;:&quot;Siguiente&quot;,&quot;step_previous_label&quot;:&quot;Anterior&quot;,&quot;button_width&quot;:&quot;100&quot;,&quot;step_type&quot;:&quot;number_text&quot;,&quot;step_icon_shape&quot;:&quot;circle&quot;}\" data-widget_type=\"form.default\">\n\t\t\t\t<div class=\"elementor-widget-container\">\n\t\t\t\t\t\t\t<form class=\"elementor-form\" method=\"post\" name=\"CONTACTO-PRINCIPAL\" action=\"\">\n\t\t\t<input type=\"hidden\" name=\"post_id\" value=\"2035\"\/>\n\t\t\t<input type=\"hidden\" name=\"form_id\" value=\"2f134889\"\/>\n\t\t\t<input type=\"hidden\" name=\"referer_title\" value=\"EM Solar\" \/>\n\n\t\t\t\n\t\t\t<div class=\"elementor-form-fields-wrapper elementor-labels-above\">\n\t\t\t\t\t\t\t\t<div class=\"elementor-field-type-textarea elementor-field-group elementor-column elementor-field-group-message elementor-col-100 elementor-field-required\">\n\t\t\t\t\t\t\t\t\t\t\t\t<label for=\"form-field-message\" class=\"elementor-field-label\">\n\t\t\t\t\t\t\t\tPersona a denunciar \t\t\t\t\t\t\t<\/label>\n\t\t\t\t\t\t<textarea class=\"elementor-field-textual elementor-field  elementor-size-sm\" name=\"form_fields[message]\" id=\"form-field-message\" rows=\"1\" required=\"required\" aria-required=\"true\"><\/textarea>\t\t\t\t<\/div>\n\t\t\t\t\t\t\t\t<div class=\"elementor-field-type-textarea elementor-field-group elementor-column elementor-field-group-field_c10c6b0 elementor-col-100\">\n\t\t\t\t\t\t\t\t\t\t\t\t<label for=\"form-field-field_c10c6b0\" class=\"elementor-field-label\">\n\t\t\t\t\t\t\t\tHecho a denunciar \t\t\t\t\t\t\t<\/label>\n\t\t\t\t\t\t<textarea class=\"elementor-field-textual elementor-field  elementor-size-sm\" name=\"form_fields[field_c10c6b0]\" id=\"form-field-field_c10c6b0\" rows=\"4\"><\/textarea>\t\t\t\t<\/div>\n\t\t\t\t\t\t\t\t<div class=\"elementor-field-type-checkbox elementor-field-group elementor-column elementor-field-group-field_b4514b6 elementor-col-100\">\n\t\t\t\t\t<div class=\"elementor-field-subgroup\"><span class=\"elementor-field-option\"><input type=\"checkbox\" value=\"He le\u00eddo y acepto el Aviso Legal y Pol\u00edtica de Privacidad\" id=\"form-field-field_b4514b6-0\" name=\"form_fields[field_b4514b6]\"> <label for=\"form-field-field_b4514b6-0\">I have read and I accept the legal notice and the privacy policy<\/label><\/span><\/div>\t\t\t\t<\/div>\n\t\t\t\t\t\t\t\t<div class=\"elementor-field-type-recaptcha_v3 elementor-field-group elementor-column elementor-field-group-field_3034507 elementor-col-100 recaptcha_v3-inline\">\n\t\t\t\t\t<div class=\"elementor-field\" id=\"form-field-field_3034507\"><div class=\"elementor-g-recaptcha\" data-sitekey=\"6LeDp0gfAAAAAOjOOkh2oyGdi-cUGiH3RU4xTaC6\" data-type=\"v3\" data-action=\"Form\" data-badge=\"inline\" data-size=\"invisible\"><\/div><\/div>\t\t\t\t<\/div>\n\t\t\t\t\t\t\t\t<div class=\"elementor-field-group elementor-column elementor-field-type-submit elementor-col-100 e-form__buttons\">\n\t\t\t\t\t<button type=\"submit\" class=\"elementor-button elementor-size-sm\">\n\t\t\t\t\t\t<span >\n\t\t\t\t\t\t\t\t\t\t\t\t\t\t\t<span class=\"elementor-button-icon\">\n\t\t\t\t\t\t\t\t\t\t\t\t\t\t\t\t\t\t\t\t\t\t\t\t\t\t<\/span>\n\t\t\t\t\t\t\t\t\t\t\t\t\t\t\t\t\t\t\t\t\t\t<span class=\"elementor-button-text\">Send<\/span>\n\t\t\t\t\t\t\t\t\t\t\t\t\t<\/span>\n\t\t\t\t\t<\/button>\n\t\t\t\t<\/div>\n\t\t\t<\/div>\n\t\t<input type=\"hidden\" name=\"trp-form-language\" value=\"en\"\/><\/form>\n\t\t\t\t\t\t<\/div>\n\t\t\t\t<\/div>\n\t\t\t\t<section class=\"elementor-section elementor-inner-section elementor-element elementor-element-762716a0 elementor-section-boxed elementor-section-height-default elementor-section-height-default\" data-id=\"762716a0\" data-element_type=\"section\">\n\t\t\t\t\t\t<div class=\"elementor-container elementor-column-gap-default\">\n\t\t\t\t\t<div class=\"elementor-column elementor-col-100 elementor-inner-column elementor-element elementor-element-77bc82cf\" data-id=\"77bc82cf\" data-element_type=\"column\">\n\t\t\t<div class=\"elementor-widget-wrap elementor-element-populated\">\n\t\t\t\t\t\t<div class=\"elementor-element elementor-element-103673ad elementor-widget elementor-widget-heading\" data-id=\"103673ad\" data-element_type=\"widget\" data-widget_type=\"heading.default\">\n\t\t\t\t<div class=\"elementor-widget-container\">\n\t\t\t\t\t<h2 class=\"elementor-heading-title elementor-size-default\">E-mail: info@emsolar.es<\/h2>\t\t\t\t<\/div>\n\t\t\t\t<\/div>\n\t\t\t\t<div class=\"elementor-element elementor-element-43138ab4 elementor-widget elementor-widget-heading\" data-id=\"43138ab4\" data-element_type=\"widget\" data-widget_type=\"heading.default\">\n\t\t\t\t<div class=\"elementor-widget-container\">\n\t\t\t\t\t<h2 class=\"elementor-heading-title elementor-size-default\">Phone: 868 045 912<\/h2>\t\t\t\t<\/div>\n\t\t\t\t<\/div>\n\t\t\t\t\t<\/div>\n\t\t<\/div>\n\t\t\t\t\t<\/div>\n\t\t<\/section>\n\t\t\t\t\t<\/div>\n\t\t<\/div>\n\t\t\t\t\t<\/div>\n\t\t<\/section>\n\t\t\t\t<\/div>","protected":false},"excerpt":{"rendered":"<p>EN EMSOLAR TE ESCUCHAMOS Bienvenido a nuestro canal de Emsolar te escucha. Este canal tiene como objetivo constituir un mecanismo eficaz para que a trav\u00e9s de la colaboraci\u00f3n de todas aquellas personas que se relacionan con nuestra sociedad, se puedan detectar aquellas pr\u00e1cticas irregulares o il\u00edcitas que contravengan los valores y principios establecidos en nuestro [&hellip;]<\/p>","protected":false},"author":2,"featured_media":0,"parent":0,"menu_order":0,"comment_status":"closed","ping_status":"closed","template":"elementor_header_footer","meta":{"footnotes":""},"class_list":["post-2035","page","type-page","status-publish","hentry"],"yoast_head":"<!-- This site is optimized with the Yoast SEO Premium plugin v18.3 (Yoast SEO v25.5) - https:\/\/yoast.com\/wordpress\/plugins\/seo\/ -->\n<title>Canal Denuncia - EM Solar<\/title>\n<meta name=\"robots\" content=\"noindex, nofollow\" \/>\n<meta property=\"og:locale\" content=\"en_GB\" \/>\n<meta property=\"og:type\" content=\"article\" \/>\n<meta property=\"og:title\" content=\"Canal Denuncia\" \/>\n<meta property=\"og:description\" content=\"EN EMSOLAR TE ESCUCHAMOS Bienvenido a nuestro canal de Emsolar te escucha. Este canal tiene como objetivo constituir un mecanismo eficaz para que a trav\u00e9s de la colaboraci\u00f3n de todas aquellas personas que se relacionan con nuestra sociedad, se puedan detectar aquellas pr\u00e1cticas irregulares o il\u00edcitas que contravengan los valores y principios establecidos en nuestro [&hellip;]\" \/>\n<meta property=\"og:url\" content=\"https:\/\/emsolar.es\/en\/canal-denuncia\/\" \/>\n<meta property=\"og:site_name\" content=\"EM Solar\" \/>\n<meta property=\"article:modified_time\" content=\"2023-03-20T10:49:46+00:00\" \/>\n<meta name=\"twitter:card\" content=\"summary_large_image\" \/>\n<meta name=\"twitter:label1\" content=\"Estimated reading time\" \/>\n\t<meta name=\"twitter:data1\" content=\"1 minute\" \/>\n<script type=\"application\/ld+json\" class=\"yoast-schema-graph\">{\"@context\":\"https:\/\/schema.org\",\"@graph\":[{\"@type\":\"WebPage\",\"@id\":\"https:\/\/emsolar.es\/canal-denuncia\/\",\"url\":\"https:\/\/emsolar.es\/canal-denuncia\/\",\"name\":\"Canal Denuncia - EM Solar\",\"isPartOf\":{\"@id\":\"https:\/\/emsolar.es\/#website\"},\"datePublished\":\"2023-03-20T10:40:32+00:00\",\"dateModified\":\"2023-03-20T10:49:46+00:00\",\"breadcrumb\":{\"@id\":\"https:\/\/emsolar.es\/canal-denuncia\/#breadcrumb\"},\"inLanguage\":\"en-GB\",\"potentialAction\":[{\"@type\":\"ReadAction\",\"target\":[\"https:\/\/emsolar.es\/canal-denuncia\/\"]}]},{\"@type\":\"BreadcrumbList\",\"@id\":\"https:\/\/emsolar.es\/canal-denuncia\/#breadcrumb\",\"itemListElement\":[{\"@type\":\"ListItem\",\"position\":1,\"name\":\"Portada\",\"item\":\"https:\/\/emsolar.es\/\"},{\"@type\":\"ListItem\",\"position\":2,\"name\":\"Canal Denuncia\"}]},{\"@type\":\"WebSite\",\"@id\":\"https:\/\/emsolar.es\/#website\",\"url\":\"https:\/\/emsolar.es\/\",\"name\":\"EM Solar\",\"description\":\"Instalaciones fotovoltaicas - Eficiencia y sostenibilidad\",\"publisher\":{\"@id\":\"https:\/\/emsolar.es\/#organization\"},\"potentialAction\":[{\"@type\":\"SearchAction\",\"target\":{\"@type\":\"EntryPoint\",\"urlTemplate\":\"https:\/\/emsolar.es\/?s={search_term_string}\"},\"query-input\":{\"@type\":\"PropertyValueSpecification\",\"valueRequired\":true,\"valueName\":\"search_term_string\"}}],\"inLanguage\":\"en-GB\"},{\"@type\":\"Organization\",\"@id\":\"https:\/\/emsolar.es\/#organization\",\"name\":\"EmSolar\",\"url\":\"https:\/\/emsolar.es\/\",\"logo\":{\"@type\":\"ImageObject\",\"inLanguage\":\"en-GB\",\"@id\":\"https:\/\/emsolar.es\/#\/schema\/logo\/image\/\",\"url\":\"https:\/\/emsolar.es\/wp-content\/uploads\/2022\/03\/emsolar-gris-horizontal.png\",\"contentUrl\":\"https:\/\/emsolar.es\/wp-content\/uploads\/2022\/03\/emsolar-gris-horizontal.png\",\"width\":2481,\"height\":828,\"caption\":\"EmSolar\"},\"image\":{\"@id\":\"https:\/\/emsolar.es\/#\/schema\/logo\/image\/\"}}]}<\/script>\n<!-- \/ Yoast SEO Premium plugin. -->","yoast_head_json":{"title":"Canal Denuncia - EM Solar","robots":{"index":"noindex","follow":"nofollow"},"og_locale":"en_GB","og_type":"article","og_title":"Canal Denuncia","og_description":"EN EMSOLAR TE ESCUCHAMOS Bienvenido a nuestro canal de Emsolar te escucha. Este canal tiene como objetivo constituir un mecanismo eficaz para que a trav\u00e9s de la colaboraci\u00f3n de todas aquellas personas que se relacionan con nuestra sociedad, se puedan detectar aquellas pr\u00e1cticas irregulares o il\u00edcitas que contravengan los valores y principios establecidos en nuestro [&hellip;]","og_url":"https:\/\/emsolar.es\/en\/canal-denuncia\/","og_site_name":"EM Solar","article_modified_time":"2023-03-20T10:49:46+00:00","twitter_card":"summary_large_image","twitter_misc":{"Estimated reading time":"1 minute"},"schema":{"@context":"https:\/\/schema.org","@graph":[{"@type":"WebPage","@id":"https:\/\/emsolar.es\/canal-denuncia\/","url":"https:\/\/emsolar.es\/canal-denuncia\/","name":"Canal Denuncia - EM Solar","isPartOf":{"@id":"https:\/\/emsolar.es\/#website"},"datePublished":"2023-03-20T10:40:32+00:00","dateModified":"2023-03-20T10:49:46+00:00","breadcrumb":{"@id":"https:\/\/emsolar.es\/canal-denuncia\/#breadcrumb"},"inLanguage":"en-GB","potentialAction":[{"@type":"ReadAction","target":["https:\/\/emsolar.es\/canal-denuncia\/"]}]},{"@type":"BreadcrumbList","@id":"https:\/\/emsolar.es\/canal-denuncia\/#breadcrumb","itemListElement":[{"@type":"ListItem","position":1,"name":"Portada","item":"https:\/\/emsolar.es\/"},{"@type":"ListItem","position":2,"name":"Canal Denuncia"}]},{"@type":"WebSite","@id":"https:\/\/emsolar.es\/#website","url":"https:\/\/emsolar.es\/","name":"EM Solar","description":"Instalaciones fotovoltaicas - Eficiencia y sostenibilidad","publisher":{"@id":"https:\/\/emsolar.es\/#organization"},"potentialAction":[{"@type":"SearchAction","target":{"@type":"EntryPoint","urlTemplate":"https:\/\/emsolar.es\/?s={search_term_string}"},"query-input":{"@type":"PropertyValueSpecification","valueRequired":true,"valueName":"search_term_string"}}],"inLanguage":"en-GB"},{"@type":"Organization","@id":"https:\/\/emsolar.es\/#organization","name":"EmSolar","url":"https:\/\/emsolar.es\/","logo":{"@type":"ImageObject","inLanguage":"en-GB","@id":"https:\/\/emsolar.es\/#\/schema\/logo\/image\/","url":"https:\/\/emsolar.es\/wp-content\/uploads\/2022\/03\/emsolar-gris-horizontal.png","contentUrl":"https:\/\/emsolar.es\/wp-content\/uploads\/2022\/03\/emsolar-gris-horizontal.png","width":2481,"height":828,"caption":"EmSolar"},"image":{"@id":"https:\/\/emsolar.es\/#\/schema\/logo\/image\/"}}]}},"_links":{"self":[{"href":"https:\/\/emsolar.es\/en\/wp-json\/wp\/v2\/pages\/2035","targetHints":{"allow":["GET"]}}],"collection":[{"href":"https:\/\/emsolar.es\/en\/wp-json\/wp\/v2\/pages"}],"about":[{"href":"https:\/\/emsolar.es\/en\/wp-json\/wp\/v2\/types\/page"}],"author":[{"embeddable":true,"href":"https:\/\/emsolar.es\/en\/wp-json\/wp\/v2\/users\/2"}],"replies":[{"embeddable":true,"href":"https:\/\/emsolar.es\/en\/wp-json\/wp\/v2\/comments?post=2035"}],"version-history":[{"count":0,"href":"https:\/\/emsolar.es\/en\/wp-json\/wp\/v2\/pages\/2035\/revisions"}],"wp:attachment":[{"href":"https:\/\/emsolar.es\/en\/wp-json\/wp\/v2\/media?parent=2035"}],"curies":[{"name":"wp","href":"https:\/\/api.w.org\/{rel}","templated":true}]}}