{"id":483,"date":"2022-03-29T06:33:40","date_gmt":"2022-03-29T06:33:40","guid":{"rendered":"https:\/\/emsolar.es\/?page_id=483"},"modified":"2022-08-20T09:09:26","modified_gmt":"2022-08-20T09:09:26","slug":"quienes-somos","status":"publish","type":"page","link":"https:\/\/emsolar.es\/en\/about-us\/","title":{"rendered":"About us"},"content":{"rendered":"<div data-elementor-type=\"wp-page\" data-elementor-id=\"483\" class=\"elementor elementor-483\">\n\t\t\t\t\t\t<section class=\"elementor-section elementor-top-section elementor-element elementor-element-b7fdedf elementor-section-boxed elementor-section-height-default elementor-section-height-default\" data-id=\"b7fdedf\" data-element_type=\"section\" data-settings=\"{&quot;background_background&quot;:&quot;classic&quot;}\">\n\t\t\t\t\t\t\t<div class=\"elementor-background-overlay\"><\/div>\n\t\t\t\t\t\t\t<div class=\"elementor-container elementor-column-gap-default\">\n\t\t\t\t\t<div class=\"elementor-column elementor-col-100 elementor-top-column elementor-element elementor-element-3d8e35f\" data-id=\"3d8e35f\" data-element_type=\"column\">\n\t\t\t<div class=\"elementor-widget-wrap elementor-element-populated\">\n\t\t\t\t\t\t<div class=\"elementor-element elementor-element-b2e8d39 elementor-widget elementor-widget-heading\" data-id=\"b2e8d39\" data-element_type=\"widget\" data-widget_type=\"heading.default\">\n\t\t\t\t<div class=\"elementor-widget-container\">\n\t\t\t\t\t<h2 class=\"elementor-heading-title elementor-size-default\">Your enterprise\u2019s energy<\/h2>\t\t\t\t<\/div>\n\t\t\t\t<\/div>\n\t\t\t\t\t<\/div>\n\t\t<\/div>\n\t\t\t\t\t<\/div>\n\t\t<\/section>\n\t\t\t\t<section class=\"elementor-section elementor-top-section elementor-element elementor-element-95c510a elementor-section-boxed elementor-section-height-default elementor-section-height-default\" data-id=\"95c510a\" data-element_type=\"section\">\n\t\t\t\t\t\t<div class=\"elementor-container elementor-column-gap-default\">\n\t\t\t\t\t<div class=\"elementor-column elementor-col-100 elementor-top-column elementor-element elementor-element-533fcfc\" data-id=\"533fcfc\" data-element_type=\"column\">\n\t\t\t<div class=\"elementor-widget-wrap elementor-element-populated\">\n\t\t\t\t\t\t<section class=\"elementor-section elementor-inner-section elementor-element elementor-element-989b01b elementor-section-boxed elementor-section-height-default elementor-section-height-default\" data-id=\"989b01b\" data-element_type=\"section\">\n\t\t\t\t\t\t<div class=\"elementor-container elementor-column-gap-default\">\n\t\t\t\t\t<div class=\"elementor-column elementor-col-50 elementor-inner-column elementor-element elementor-element-d4ef0ba\" data-id=\"d4ef0ba\" data-element_type=\"column\">\n\t\t\t<div class=\"elementor-widget-wrap elementor-element-populated\">\n\t\t\t\t\t\t<div class=\"elementor-element elementor-element-98b0491 elementor-widget elementor-widget-counter\" data-id=\"98b0491\" data-element_type=\"widget\" data-widget_type=\"counter.default\">\n\t\t\t\t<div class=\"elementor-widget-container\">\n\t\t\t\t\t\t\t<div class=\"elementor-counter\">\n\t\t\t<div class=\"elementor-counter-title\">Years of experience<\/div>\t\t\t<div class=\"elementor-counter-number-wrapper\">\n\t\t\t\t<span class=\"elementor-counter-number-prefix\">+<\/span>\n\t\t\t\t<span class=\"elementor-counter-number\" data-duration=\"2000\" data-to-value=\"15\" data-from-value=\"0\">0<\/span>\n\t\t\t\t<span class=\"elementor-counter-number-suffix\"><\/span>\n\t\t\t<\/div>\n\t\t<\/div>\n\t\t\t\t\t\t<\/div>\n\t\t\t\t<\/div>\n\t\t\t\t\t<\/div>\n\t\t<\/div>\n\t\t\t\t<div class=\"elementor-column elementor-col-50 elementor-inner-column elementor-element elementor-element-6f6b1a4\" data-id=\"6f6b1a4\" data-element_type=\"column\">\n\t\t\t<div class=\"elementor-widget-wrap elementor-element-populated\">\n\t\t\t\t\t\t<div class=\"elementor-element elementor-element-a129b59 elementor-widget elementor-widget-counter\" data-id=\"a129b59\" data-element_type=\"widget\" data-widget_type=\"counter.default\">\n\t\t\t\t<div class=\"elementor-widget-container\">\n\t\t\t\t\t\t\t<div class=\"elementor-counter\">\n\t\t\t<div class=\"elementor-counter-title\">Satisfied customers<\/div>\t\t\t<div class=\"elementor-counter-number-wrapper\">\n\t\t\t\t<span class=\"elementor-counter-number-prefix\"><\/span>\n\t\t\t\t<span class=\"elementor-counter-number\" data-duration=\"2000\" data-to-value=\"250\" data-from-value=\"0\">0<\/span>\n\t\t\t\t<span class=\"elementor-counter-number-suffix\"><\/span>\n\t\t\t<\/div>\n\t\t<\/div>\n\t\t\t\t\t\t<\/div>\n\t\t\t\t<\/div>\n\t\t\t\t\t<\/div>\n\t\t<\/div>\n\t\t\t\t\t<\/div>\n\t\t<\/section>\n\t\t\t\t<div class=\"elementor-element elementor-element-f055c6b elementor-widget elementor-widget-text-editor\" data-id=\"f055c6b\" data-element_type=\"widget\" data-widget_type=\"text-editor.default\">\n\t\t\t\t<div class=\"elementor-widget-container\">\n\t\t\t\t\t\t\t\t\t<p>Emsolar is an specialize enterprise in installation of renewable energy systems. We have a staff of engineers and installers who take an exhaustive control of the installation from the beginning until the end. Once the installation has finished, we will go on with the maintenance to assure his util life in optimum conditions. In addition, we will make a control that will allow you to know how much the savings are.<\/p>\n<p>Our trajectory begins in 1985 as an enterprise of electrical maintenance. Afterwards, our services get enriched with engineering and energy efficiency. In 2007 we started our specialization in photovoltaic installations, having realizing installations of every kind and in every type of sectors. Installations for selling, PPAs, isolation, risks, systems for SAIs, etc. As we have the engineering, the installation, and the maintenance, we control every process of the quality chain.<\/p><p>Our goal is to make your company or home more efficient and environmentally friendly, for them we perform all types of facilities with a multitude of objectives in addition to its maintenance to maximize production. The installations we carry out are:<\/p>\n<ul>\n<li>Photovoltaic self-consumption<\/li>\n<li>Isolate self-consumption<\/li>\n<li>Energy Sale installations<\/li>\n<li>Electric Consultancy<\/li>\n<li>Solar pumping<\/li>\n<\/ul>\t\t\t\t\t\t\t\t<\/div>\n\t\t\t\t<\/div>\n\t\t\t\t\t<\/div>\n\t\t<\/div>\n\t\t\t\t\t<\/div>\n\t\t<\/section>\n\t\t\t\t<\/div>","protected":false},"excerpt":{"rendered":"<p>La energ\u00eda de tu empresa + 0 A\u00f1os de experiencia 0 Clientes satisfechos EMSolar es una empresa especializada en la instalaci\u00f3n de sistemas de energ\u00edas renovables. Tenemos ingenieros e instaladores para llevar un exhaustivo control de la instalaci\u00f3n de principio a fin. Una vez terminada, llevaremos el mantenimiento para asegurar su vida \u00fatil en \u00f3ptimas [&hellip;]<\/p>","protected":false},"author":2,"featured_media":788,"parent":0,"menu_order":2,"comment_status":"closed","ping_status":"closed","template":"elementor_header_footer","meta":{"footnotes":""},"class_list":["post-483","page","type-page","status-publish","has-post-thumbnail","hentry"],"yoast_head":"<!-- This site is optimized with the Yoast SEO Premium plugin v18.3 (Yoast SEO v25.5) - https:\/\/yoast.com\/wordpress\/plugins\/seo\/ -->\n<title>EmSolar - Eficiencia energ\u00e9tica - Energ\u00edas Renovables - Qui\u00e9nes Somos<\/title>\n<meta name=\"description\" content=\"Nuestra trayectoria nace en 1985 como empresa de mantenimiento el\u00e9ctrico, enriquecido por la eficiencia energ\u00e9tica y las energ\u00edas renovables.\" \/>\n<meta name=\"robots\" content=\"index, follow, max-snippet:-1, max-image-preview:large, max-video-preview:-1\" \/>\n<link rel=\"canonical\" href=\"https:\/\/emsolar.es\/en\/about-us\/\" \/>\n<meta property=\"og:locale\" content=\"en_GB\" \/>\n<meta property=\"og:type\" content=\"article\" \/>\n<meta property=\"og:title\" content=\"\u00bfQui\u00e9nes somos?\" \/>\n<meta property=\"og:description\" content=\"Nuestra trayectoria nace en 1985 como empresa de mantenimiento el\u00e9ctrico, enriquecido por la eficiencia energ\u00e9tica y las energ\u00edas renovables.\" \/>\n<meta property=\"og:url\" content=\"https:\/\/emsolar.es\/en\/about-us\/\" \/>\n<meta property=\"og:site_name\" content=\"EM Solar\" \/>\n<meta property=\"article:modified_time\" content=\"2022-08-20T09:09:26+00:00\" \/>\n<meta property=\"og:image\" content=\"https:\/\/emsolar.es\/wp-content\/uploads\/2022\/03\/instalacion-fotovoltaica-en-murcia.jpg\" \/>\n\t<meta property=\"og:image:width\" content=\"400\" \/>\n\t<meta property=\"og:image:height\" content=\"500\" \/>\n\t<meta property=\"og:image:type\" content=\"image\/jpeg\" \/>\n<meta name=\"twitter:card\" content=\"summary_large_image\" \/>\n<meta name=\"twitter:label1\" content=\"Estimated reading time\" \/>\n\t<meta name=\"twitter:data1\" content=\"1 minute\" \/>\n<script type=\"application\/ld+json\" class=\"yoast-schema-graph\">{\"@context\":\"https:\/\/schema.org\",\"@graph\":[{\"@type\":\"WebPage\",\"@id\":\"https:\/\/emsolar.es\/quienes-somos\/\",\"url\":\"https:\/\/emsolar.es\/quienes-somos\/\",\"name\":\"EmSolar - Eficiencia energ\u00e9tica - Energ\u00edas Renovables - Qui\u00e9nes Somos\",\"isPartOf\":{\"@id\":\"https:\/\/emsolar.es\/#website\"},\"primaryImageOfPage\":{\"@id\":\"https:\/\/emsolar.es\/quienes-somos\/#primaryimage\"},\"image\":{\"@id\":\"https:\/\/emsolar.es\/quienes-somos\/#primaryimage\"},\"thumbnailUrl\":\"https:\/\/emsolar.es\/wp-content\/uploads\/2022\/03\/instalacion-fotovoltaica-en-murcia.jpg\",\"datePublished\":\"2022-03-29T06:33:40+00:00\",\"dateModified\":\"2022-08-20T09:09:26+00:00\",\"description\":\"Nuestra trayectoria nace en 1985 como empresa de mantenimiento el\u00e9ctrico, enriquecido por la eficiencia energ\u00e9tica y las energ\u00edas renovables.\",\"breadcrumb\":{\"@id\":\"https:\/\/emsolar.es\/quienes-somos\/#breadcrumb\"},\"inLanguage\":\"en-GB\",\"potentialAction\":[{\"@type\":\"ReadAction\",\"target\":[\"https:\/\/emsolar.es\/quienes-somos\/\"]}]},{\"@type\":\"ImageObject\",\"inLanguage\":\"en-GB\",\"@id\":\"https:\/\/emsolar.es\/quienes-somos\/#primaryimage\",\"url\":\"https:\/\/emsolar.es\/wp-content\/uploads\/2022\/03\/instalacion-fotovoltaica-en-murcia.jpg\",\"contentUrl\":\"https:\/\/emsolar.es\/wp-content\/uploads\/2022\/03\/instalacion-fotovoltaica-en-murcia.jpg\",\"width\":400,\"height\":500},{\"@type\":\"BreadcrumbList\",\"@id\":\"https:\/\/emsolar.es\/quienes-somos\/#breadcrumb\",\"itemListElement\":[{\"@type\":\"ListItem\",\"position\":1,\"name\":\"Portada\",\"item\":\"https:\/\/emsolar.es\/\"},{\"@type\":\"ListItem\",\"position\":2,\"name\":\"\u00bfQui\u00e9nes somos?\"}]},{\"@type\":\"WebSite\",\"@id\":\"https:\/\/emsolar.es\/#website\",\"url\":\"https:\/\/emsolar.es\/\",\"name\":\"EM Solar\",\"description\":\"Instalaciones fotovoltaicas - Eficiencia y sostenibilidad\",\"publisher\":{\"@id\":\"https:\/\/emsolar.es\/#organization\"},\"potentialAction\":[{\"@type\":\"SearchAction\",\"target\":{\"@type\":\"EntryPoint\",\"urlTemplate\":\"https:\/\/emsolar.es\/?s={search_term_string}\"},\"query-input\":{\"@type\":\"PropertyValueSpecification\",\"valueRequired\":true,\"valueName\":\"search_term_string\"}}],\"inLanguage\":\"en-GB\"},{\"@type\":\"Organization\",\"@id\":\"https:\/\/emsolar.es\/#organization\",\"name\":\"EmSolar\",\"url\":\"https:\/\/emsolar.es\/\",\"logo\":{\"@type\":\"ImageObject\",\"inLanguage\":\"en-GB\",\"@id\":\"https:\/\/emsolar.es\/#\/schema\/logo\/image\/\",\"url\":\"https:\/\/emsolar.es\/wp-content\/uploads\/2022\/03\/emsolar-gris-horizontal.png\",\"contentUrl\":\"https:\/\/emsolar.es\/wp-content\/uploads\/2022\/03\/emsolar-gris-horizontal.png\",\"width\":2481,\"height\":828,\"caption\":\"EmSolar\"},\"image\":{\"@id\":\"https:\/\/emsolar.es\/#\/schema\/logo\/image\/\"}}]}<\/script>\n<!-- \/ Yoast SEO Premium plugin. -->","yoast_head_json":{"title":"EmSolar - Energy efficiency - Renewable Energies - Who we are","description":"Our trajectory was born in 1985 as an electrical maintenance company, enriched by energy efficiency and renewable energies.","robots":{"index":"index","follow":"follow","max-snippet":"max-snippet:-1","max-image-preview":"max-image-preview:large","max-video-preview":"max-video-preview:-1"},"canonical":"https:\/\/emsolar.es\/en\/about-us\/","og_locale":"en_GB","og_type":"article","og_title":"\u00bfQui\u00e9nes somos?","og_description":"Nuestra trayectoria nace en 1985 como empresa de mantenimiento el\u00e9ctrico, enriquecido por la eficiencia energ\u00e9tica y las energ\u00edas renovables.","og_url":"https:\/\/emsolar.es\/en\/about-us\/","og_site_name":"EM Solar","article_modified_time":"2022-08-20T09:09:26+00:00","og_image":[{"width":400,"height":500,"url":"https:\/\/emsolar.es\/wp-content\/uploads\/2022\/03\/instalacion-fotovoltaica-en-murcia.jpg","type":"image\/jpeg"}],"twitter_card":"summary_large_image","twitter_misc":{"Estimated reading time":"1 minute"},"schema":{"@context":"https:\/\/schema.org","@graph":[{"@type":"WebPage","@id":"https:\/\/emsolar.es\/quienes-somos\/","url":"https:\/\/emsolar.es\/quienes-somos\/","name":"EmSolar - Energy efficiency - Renewable Energies - Who we are","isPartOf":{"@id":"https:\/\/emsolar.es\/#website"},"primaryImageOfPage":{"@id":"https:\/\/emsolar.es\/quienes-somos\/#primaryimage"},"image":{"@id":"https:\/\/emsolar.es\/quienes-somos\/#primaryimage"},"thumbnailUrl":"https:\/\/emsolar.es\/wp-content\/uploads\/2022\/03\/instalacion-fotovoltaica-en-murcia.jpg","datePublished":"2022-03-29T06:33:40+00:00","dateModified":"2022-08-20T09:09:26+00:00","description":"Our trajectory was born in 1985 as an electrical maintenance company, enriched by energy efficiency and renewable energies.","breadcrumb":{"@id":"https:\/\/emsolar.es\/quienes-somos\/#breadcrumb"},"inLanguage":"en-GB","potentialAction":[{"@type":"ReadAction","target":["https:\/\/emsolar.es\/quienes-somos\/"]}]},{"@type":"ImageObject","inLanguage":"en-GB","@id":"https:\/\/emsolar.es\/quienes-somos\/#primaryimage","url":"https:\/\/emsolar.es\/wp-content\/uploads\/2022\/03\/instalacion-fotovoltaica-en-murcia.jpg","contentUrl":"https:\/\/emsolar.es\/wp-content\/uploads\/2022\/03\/instalacion-fotovoltaica-en-murcia.jpg","width":400,"height":500},{"@type":"BreadcrumbList","@id":"https:\/\/emsolar.es\/quienes-somos\/#breadcrumb","itemListElement":[{"@type":"ListItem","position":1,"name":"Portada","item":"https:\/\/emsolar.es\/"},{"@type":"ListItem","position":2,"name":"\u00bfQui\u00e9nes somos?"}]},{"@type":"WebSite","@id":"https:\/\/emsolar.es\/#website","url":"https:\/\/emsolar.es\/","name":"EM Solar","description":"Instalaciones fotovoltaicas - Eficiencia y sostenibilidad","publisher":{"@id":"https:\/\/emsolar.es\/#organization"},"potentialAction":[{"@type":"SearchAction","target":{"@type":"EntryPoint","urlTemplate":"https:\/\/emsolar.es\/?s={search_term_string}"},"query-input":{"@type":"PropertyValueSpecification","valueRequired":true,"valueName":"search_term_string"}}],"inLanguage":"en-GB"},{"@type":"Organization","@id":"https:\/\/emsolar.es\/#organization","name":"EmSolar","url":"https:\/\/emsolar.es\/","logo":{"@type":"ImageObject","inLanguage":"en-GB","@id":"https:\/\/emsolar.es\/#\/schema\/logo\/image\/","url":"https:\/\/emsolar.es\/wp-content\/uploads\/2022\/03\/emsolar-gris-horizontal.png","contentUrl":"https:\/\/emsolar.es\/wp-content\/uploads\/2022\/03\/emsolar-gris-horizontal.png","width":2481,"height":828,"caption":"EmSolar"},"image":{"@id":"https:\/\/emsolar.es\/#\/schema\/logo\/image\/"}}]}},"_links":{"self":[{"href":"https:\/\/emsolar.es\/en\/wp-json\/wp\/v2\/pages\/483","targetHints":{"allow":["GET"]}}],"collection":[{"href":"https:\/\/emsolar.es\/en\/wp-json\/wp\/v2\/pages"}],"about":[{"href":"https:\/\/emsolar.es\/en\/wp-json\/wp\/v2\/types\/page"}],"author":[{"embeddable":true,"href":"https:\/\/emsolar.es\/en\/wp-json\/wp\/v2\/users\/2"}],"replies":[{"embeddable":true,"href":"https:\/\/emsolar.es\/en\/wp-json\/wp\/v2\/comments?post=483"}],"version-history":[{"count":0,"href":"https:\/\/emsolar.es\/en\/wp-json\/wp\/v2\/pages\/483\/revisions"}],"wp:featuredmedia":[{"embeddable":true,"href":"https:\/\/emsolar.es\/en\/wp-json\/wp\/v2\/media\/788"}],"wp:attachment":[{"href":"https:\/\/emsolar.es\/en\/wp-json\/wp\/v2\/media?parent=483"}],"curies":[{"name":"wp","href":"https:\/\/api.w.org\/{rel}","templated":true}]}}