{"id":494,"date":"2022-03-29T06:34:47","date_gmt":"2022-03-29T06:34:47","guid":{"rendered":"https:\/\/emsolar.es\/?page_id=494"},"modified":"2025-01-10T10:32:30","modified_gmt":"2025-01-10T10:32:30","slug":"contacto","status":"publish","type":"page","link":"https:\/\/emsolar.es\/en\/contact\/","title":{"rendered":"Contact us"},"content":{"rendered":"<div data-elementor-type=\"wp-page\" data-elementor-id=\"494\" class=\"elementor elementor-494\">\n\t\t\t\t\t\t<section class=\"elementor-section elementor-top-section elementor-element elementor-element-2b45c146 elementor-section-full_width elementor-section-height-default elementor-section-height-default\" data-id=\"2b45c146\" data-element_type=\"section\">\n\t\t\t\t\t\t<div class=\"elementor-container elementor-column-gap-default\">\n\t\t\t\t\t<div class=\"elementor-column elementor-col-50 elementor-top-column elementor-element elementor-element-a83c4a3\" data-id=\"a83c4a3\" data-element_type=\"column\">\n\t\t\t<div class=\"elementor-widget-wrap elementor-element-populated\">\n\t\t\t\t\t\t<div class=\"elementor-element elementor-element-330f7c5e elementor-widget elementor-widget-heading\" data-id=\"330f7c5e\" data-element_type=\"widget\" data-widget_type=\"heading.default\">\n\t\t\t\t<div class=\"elementor-widget-container\">\n\t\t\t\t\t<h2 class=\"elementor-heading-title elementor-size-default\">Get in touch with Emsolar<\/h2>\t\t\t\t<\/div>\n\t\t\t\t<\/div>\n\t\t\t\t<div class=\"elementor-element elementor-element-0a7be0e elementor-widget-divider--view-line elementor-widget elementor-widget-divider\" data-id=\"0a7be0e\" data-element_type=\"widget\" data-widget_type=\"divider.default\">\n\t\t\t\t<div class=\"elementor-widget-container\">\n\t\t\t\t\t\t\t<div class=\"elementor-divider\">\n\t\t\t<span class=\"elementor-divider-separator\">\n\t\t\t\t\t\t<\/span>\n\t\t<\/div>\n\t\t\t\t\t\t<\/div>\n\t\t\t\t<\/div>\n\t\t\t\t<div class=\"elementor-element elementor-element-b410726 elementor-button-align-end elementor-widget elementor-widget-form\" data-id=\"b410726\" data-element_type=\"widget\" data-settings=\"{&quot;step_next_label&quot;:&quot;Siguiente&quot;,&quot;step_previous_label&quot;:&quot;Anterior&quot;,&quot;button_width&quot;:&quot;100&quot;,&quot;step_type&quot;:&quot;number_text&quot;,&quot;step_icon_shape&quot;:&quot;circle&quot;}\" data-widget_type=\"form.default\">\n\t\t\t\t<div class=\"elementor-widget-container\">\n\t\t\t\t\t\t\t<form class=\"elementor-form\" method=\"post\" name=\"CONTACTO-PRINCIPAL\" action=\"\">\n\t\t\t<input type=\"hidden\" name=\"post_id\" value=\"494\"\/>\n\t\t\t<input type=\"hidden\" name=\"form_id\" value=\"b410726\"\/>\n\t\t\t<input type=\"hidden\" name=\"referer_title\" value=\"EM Solar\" \/>\n\n\t\t\t\n\t\t\t<div class=\"elementor-form-fields-wrapper elementor-labels-above\">\n\t\t\t\t\t\t\t\t<div class=\"elementor-field-type-text elementor-field-group elementor-column elementor-field-group-name elementor-col-50\">\n\t\t\t\t\t\t\t\t\t\t\t\t<label for=\"form-field-name\" class=\"elementor-field-label\">\n\t\t\t\t\t\t\t\tName\t\t\t\t\t\t\t<\/label>\n\t\t\t\t\t\t\t\t\t\t\t\t\t\t<input size=\"1\" type=\"text\" name=\"form_fields[name]\" id=\"form-field-name\" class=\"elementor-field elementor-size-sm  elementor-field-textual\">\n\t\t\t\t\t\t\t\t\t\t\t<\/div>\n\t\t\t\t\t\t\t\t<div class=\"elementor-field-type-email elementor-field-group elementor-column elementor-field-group-email elementor-col-50 elementor-field-required\">\n\t\t\t\t\t\t\t\t\t\t\t\t<label for=\"form-field-email\" class=\"elementor-field-label\">\n\t\t\t\t\t\t\t\tEmail address\t\t\t\t\t\t\t<\/label>\n\t\t\t\t\t\t\t\t\t\t\t\t\t\t<input size=\"1\" type=\"email\" name=\"form_fields[email]\" id=\"form-field-email\" class=\"elementor-field elementor-size-sm  elementor-field-textual\" required=\"required\" aria-required=\"true\">\n\t\t\t\t\t\t\t\t\t\t\t<\/div>\n\t\t\t\t\t\t\t\t<div class=\"elementor-field-type-tel elementor-field-group elementor-column elementor-field-group-field_c3fbcb5 elementor-col-50 elementor-field-required\">\n\t\t\t\t\t\t\t\t\t\t\t\t<label for=\"form-field-field_c3fbcb5\" class=\"elementor-field-label\">\n\t\t\t\t\t\t\t\tPhone number\t\t\t\t\t\t\t<\/label>\n\t\t\t\t\t\t\t\t<input size=\"1\" type=\"tel\" name=\"form_fields[field_c3fbcb5]\" id=\"form-field-field_c3fbcb5\" class=\"elementor-field elementor-size-sm  elementor-field-textual\" required=\"required\" aria-required=\"true\" pattern=\"[0-9()#&amp;+*-=.]+\" title=\"Only numbers and phone characters (#, -, *, etc) are accepted.\">\n\n\t\t\t\t\t\t<\/div>\n\t\t\t\t\t\t\t\t<div class=\"elementor-field-type-textarea elementor-field-group elementor-column elementor-field-group-message elementor-col-50 elementor-field-required\">\n\t\t\t\t\t\t\t\t\t\t\t\t<label for=\"form-field-message\" class=\"elementor-field-label\">\n\t\t\t\t\t\t\t\tSubject\t\t\t\t\t\t\t<\/label>\n\t\t\t\t\t\t<textarea class=\"elementor-field-textual elementor-field  elementor-size-sm\" name=\"form_fields[message]\" id=\"form-field-message\" rows=\"1\" required=\"required\" aria-required=\"true\"><\/textarea>\t\t\t\t<\/div>\n\t\t\t\t\t\t\t\t<div class=\"elementor-field-type-textarea elementor-field-group elementor-column elementor-field-group-field_5da6342 elementor-col-50 elementor-field-required\">\n\t\t\t\t\t\t\t\t\t\t\t\t<label for=\"form-field-field_5da6342\" class=\"elementor-field-label\">\n\t\t\t\t\t\t\t\tWhere are you writing to us from?\t\t\t\t\t\t\t<\/label>\n\t\t\t\t\t\t<textarea class=\"elementor-field-textual elementor-field  elementor-size-sm\" name=\"form_fields[field_5da6342]\" id=\"form-field-field_5da6342\" rows=\"1\" placeholder=\"Your town or city\" required=\"required\" aria-required=\"true\"><\/textarea>\t\t\t\t<\/div>\n\t\t\t\t\t\t\t\t<div class=\"elementor-field-type-text elementor-field-group elementor-column elementor-field-group-field_81e5f51 elementor-col-50\">\n\t\t\t\t\t\t\t\t\t\t\t\t<label for=\"form-field-field_81e5f51\" class=\"elementor-field-label\">\n\t\t\t\t\t\t\t\tDirecci\u00f3n  exacta para la informaci\u00f3n\t\t\t\t\t\t\t<\/label>\n\t\t\t\t\t\t\t\t\t\t\t\t\t\t<input size=\"1\" type=\"text\" name=\"form_fields[field_81e5f51]\" id=\"form-field-field_81e5f51\" class=\"elementor-field elementor-size-sm  elementor-field-textual\">\n\t\t\t\t\t\t\t\t\t\t\t<\/div>\n\t\t\t\t\t\t\t\t<div class=\"elementor-field-type-textarea elementor-field-group elementor-column elementor-field-group-field_c10c6b0 elementor-col-100\">\n\t\t\t\t\t\t\t\t\t\t\t\t<label for=\"form-field-field_c10c6b0\" class=\"elementor-field-label\">\n\t\t\t\t\t\t\t\tMessage or comment\t\t\t\t\t\t\t<\/label>\n\t\t\t\t\t\t<textarea class=\"elementor-field-textual elementor-field  elementor-size-sm\" name=\"form_fields[field_c10c6b0]\" id=\"form-field-field_c10c6b0\" rows=\"4\"><\/textarea>\t\t\t\t<\/div>\n\t\t\t\t\t\t\t\t<div class=\"elementor-field-type-checkbox elementor-field-group elementor-column elementor-field-group-field_b4514b6 elementor-col-100\">\n\t\t\t\t\t<div class=\"elementor-field-subgroup\"><span class=\"elementor-field-option\"><input type=\"checkbox\" value=\"Acepto recibir informaci\u00f3n y comunicaciones comerciales personalizadas, tanto por medios tradicionales como electr\u00f3nicos, de Emsolar y Renovables, S.L., y empresas del Grupo Caliche, inclusive en base a la elaboraci\u00f3n y an\u00e1lisis de mi perfil.\" id=\"form-field-field_b4514b6-0\" name=\"form_fields[field_b4514b6]\"> <label for=\"form-field-field_b4514b6-0\">Acepto recibir informaci\u00f3n y comunicaciones comerciales personalizadas, tanto por medios tradicionales como electr\u00f3nicos, de Emsolar y Renovables, S.L., y empresas del Grupo Caliche, inclusive en base a la elaboraci\u00f3n y an\u00e1lisis de mi perfil.<\/label><\/span><\/div>\t\t\t\t<\/div>\n\t\t\t\t\t\t\t\t<div class=\"elementor-field-type-acceptance elementor-field-group elementor-column elementor-field-group-field_96f3210 elementor-col-100 elementor-field-required\">\n\t\t\t\t\t\t\t<div class=\"elementor-field-subgroup\">\n\t\t\t<span class=\"elementor-field-option\">\n\t\t\t\t<input type=\"checkbox\" name=\"form_fields[field_96f3210]\" id=\"form-field-field_96f3210\" class=\"elementor-field elementor-size-sm  elementor-acceptance-field\" required=\"required\" aria-required=\"true\">\n\t\t\t\t<label for=\"form-field-field_96f3210\">He le\u00eddo y acepto la \u201cPol\u00edtica de Privacidad\u201d y \u201cAviso Legal\u201d<\/label>\t\t\t<\/span>\n\t\t<\/div>\n\t\t\t\t\t\t<\/div>\n\t\t\t\t\t\t\t\t<div class=\"elementor-field-type-recaptcha_v3 elementor-field-group elementor-column elementor-field-group-field_3034507 elementor-col-100 recaptcha_v3-inline\">\n\t\t\t\t\t<div class=\"elementor-field\" id=\"form-field-field_3034507\"><div class=\"elementor-g-recaptcha\" data-sitekey=\"6LeDp0gfAAAAAOjOOkh2oyGdi-cUGiH3RU4xTaC6\" data-type=\"v3\" data-action=\"Form\" data-badge=\"inline\" data-size=\"invisible\"><\/div><\/div>\t\t\t\t<\/div>\n\t\t\t\t\t\t\t\t<div class=\"elementor-field-group elementor-column elementor-field-type-submit elementor-col-100 e-form__buttons\">\n\t\t\t\t\t<button type=\"submit\" class=\"elementor-button elementor-size-sm\">\n\t\t\t\t\t\t<span >\n\t\t\t\t\t\t\t\t\t\t\t\t\t\t\t<span class=\"elementor-button-icon\">\n\t\t\t\t\t\t\t\t\t\t\t\t\t\t\t\t\t\t\t\t\t\t\t\t\t\t<\/span>\n\t\t\t\t\t\t\t\t\t\t\t\t\t\t\t\t\t\t\t\t\t\t<span class=\"elementor-button-text\">Send<\/span>\n\t\t\t\t\t\t\t\t\t\t\t\t\t<\/span>\n\t\t\t\t\t<\/button>\n\t\t\t\t<\/div>\n\t\t\t<\/div>\n\t\t<input type=\"hidden\" name=\"trp-form-language\" value=\"en\"\/><\/form>\n\t\t\t\t\t\t<\/div>\n\t\t\t\t<\/div>\n\t\t\t\t<section class=\"elementor-section elementor-inner-section elementor-element elementor-element-9714c00 elementor-section-boxed elementor-section-height-default elementor-section-height-default\" data-id=\"9714c00\" data-element_type=\"section\">\n\t\t\t\t\t\t<div class=\"elementor-container elementor-column-gap-default\">\n\t\t\t\t\t<div class=\"elementor-column elementor-col-100 elementor-inner-column elementor-element elementor-element-629718f\" data-id=\"629718f\" data-element_type=\"column\">\n\t\t\t<div class=\"elementor-widget-wrap elementor-element-populated\">\n\t\t\t\t\t\t<div class=\"elementor-element elementor-element-5c498a5 elementor-widget elementor-widget-heading\" data-id=\"5c498a5\" data-element_type=\"widget\" data-widget_type=\"heading.default\">\n\t\t\t\t<div class=\"elementor-widget-container\">\n\t\t\t\t\t<h2 class=\"elementor-heading-title elementor-size-default\">E-mail: info@emsolar.es<\/h2>\t\t\t\t<\/div>\n\t\t\t\t<\/div>\n\t\t\t\t<div class=\"elementor-element elementor-element-6f24fc7 elementor-widget elementor-widget-heading\" data-id=\"6f24fc7\" data-element_type=\"widget\" data-widget_type=\"heading.default\">\n\t\t\t\t<div class=\"elementor-widget-container\">\n\t\t\t\t\t<h2 class=\"elementor-heading-title elementor-size-default\">Phone: 868 045 912<\/h2>\t\t\t\t<\/div>\n\t\t\t\t<\/div>\n\t\t\t\t\t<\/div>\n\t\t<\/div>\n\t\t\t\t\t<\/div>\n\t\t<\/section>\n\t\t\t\t\t<\/div>\n\t\t<\/div>\n\t\t\t\t<div class=\"elementor-column elementor-col-50 elementor-top-column elementor-element elementor-element-7b35c6e\" data-id=\"7b35c6e\" data-element_type=\"column\">\n\t\t\t<div class=\"elementor-widget-wrap elementor-element-populated\">\n\t\t\t\t\t\t<div class=\"elementor-element elementor-element-18f19b3 elementor-widget elementor-widget-google_maps\" data-id=\"18f19b3\" data-element_type=\"widget\" data-widget_type=\"google_maps.default\">\n\t\t\t\t<div class=\"elementor-widget-container\">\n\t\t\t\t\t\t\t<div class=\"elementor-custom-embed\">\n\t\t\t<iframe loading=\"lazy\"\n\t\t\t\t\tsrc=\"https:\/\/maps.google.com\/maps?q=EmSolar&#038;t=m&#038;z=12&#038;output=embed&#038;iwloc=near\"\n\t\t\t\t\ttitle=\"EmSolar\"\n\t\t\t\t\taria-label=\"EmSolar\"\n\t\t\t><\/iframe>\n\t\t<\/div>\n\t\t\t\t\t\t<\/div>\n\t\t\t\t<\/div>\n\t\t\t\t\t<\/div>\n\t\t<\/div>\n\t\t\t\t\t<\/div>\n\t\t<\/section>\n\t\t\t\t<\/div>","protected":false},"excerpt":{"rendered":"<p>Ponte en contacto con Emsolar E-mail: info@emsolar.es Tel\u00e9fono: 868 045 912<\/p>","protected":false},"author":2,"featured_media":0,"parent":0,"menu_order":7,"comment_status":"closed","ping_status":"closed","template":"elementor_header_footer","meta":{"footnotes":""},"class_list":["post-494","page","type-page","status-publish","hentry"],"yoast_head":"<!-- This site is optimized with the Yoast SEO Premium plugin v18.3 (Yoast SEO v25.5) - https:\/\/yoast.com\/wordpress\/plugins\/seo\/ -->\n<title>EmSolar - Eficiencia energ\u00e9tica - Ponte en contacto con nosotros<\/title>\n<meta name=\"description\" content=\"Ponte en contacto con EmSolar a trav\u00e9s de nuestro formulario, correo electr\u00f3nico o tel\u00e9fono para recibir informaci\u00f3n de todo tipo.\" \/>\n<meta name=\"robots\" content=\"index, follow, max-snippet:-1, max-image-preview:large, max-video-preview:-1\" \/>\n<link rel=\"canonical\" href=\"https:\/\/emsolar.es\/en\/\" \/>\n<meta property=\"og:locale\" content=\"en_GB\" \/>\n<meta property=\"og:type\" content=\"article\" \/>\n<meta property=\"og:title\" content=\"Contacto\" \/>\n<meta property=\"og:description\" content=\"Ponte en contacto con EmSolar a trav\u00e9s de nuestro formulario, correo electr\u00f3nico o tel\u00e9fono para recibir informaci\u00f3n de todo tipo.\" \/>\n<meta property=\"og:url\" content=\"https:\/\/emsolar.es\/en\/\" \/>\n<meta property=\"og:site_name\" content=\"EM Solar\" \/>\n<meta property=\"article:modified_time\" content=\"2025-01-10T10:32:30+00:00\" \/>\n<meta name=\"twitter:card\" content=\"summary_large_image\" \/>\n<meta name=\"twitter:label1\" content=\"Estimated reading time\" \/>\n\t<meta name=\"twitter:data1\" content=\"1 minute\" \/>\n<script type=\"application\/ld+json\" class=\"yoast-schema-graph\">{\"@context\":\"https:\/\/schema.org\",\"@graph\":[{\"@type\":\"WebPage\",\"@id\":\"https:\/\/emsolar.es\/contacto\/\",\"url\":\"https:\/\/emsolar.es\",\"name\":\"EmSolar - Eficiencia energ\u00e9tica - Ponte en contacto con nosotros\",\"isPartOf\":{\"@id\":\"https:\/\/emsolar.es\/#website\"},\"datePublished\":\"2022-03-29T06:34:47+00:00\",\"dateModified\":\"2025-01-10T10:32:30+00:00\",\"description\":\"Ponte en contacto con EmSolar a trav\u00e9s de nuestro formulario, correo electr\u00f3nico o tel\u00e9fono para recibir informaci\u00f3n de todo tipo.\",\"breadcrumb\":{\"@id\":\"https:\/\/emsolar.es#breadcrumb\"},\"inLanguage\":\"en-GB\",\"potentialAction\":[{\"@type\":\"ReadAction\",\"target\":[\"https:\/\/emsolar.es\"]}]},{\"@type\":\"BreadcrumbList\",\"@id\":\"https:\/\/emsolar.es#breadcrumb\",\"itemListElement\":[{\"@type\":\"ListItem\",\"position\":1,\"name\":\"Portada\",\"item\":\"https:\/\/emsolar.es\/\"},{\"@type\":\"ListItem\",\"position\":2,\"name\":\"Contacto\"}]},{\"@type\":\"WebSite\",\"@id\":\"https:\/\/emsolar.es\/#website\",\"url\":\"https:\/\/emsolar.es\/\",\"name\":\"EM Solar\",\"description\":\"Instalaciones fotovoltaicas - Eficiencia y sostenibilidad\",\"publisher\":{\"@id\":\"https:\/\/emsolar.es\/#organization\"},\"potentialAction\":[{\"@type\":\"SearchAction\",\"target\":{\"@type\":\"EntryPoint\",\"urlTemplate\":\"https:\/\/emsolar.es\/?s={search_term_string}\"},\"query-input\":{\"@type\":\"PropertyValueSpecification\",\"valueRequired\":true,\"valueName\":\"search_term_string\"}}],\"inLanguage\":\"en-GB\"},{\"@type\":\"Organization\",\"@id\":\"https:\/\/emsolar.es\/#organization\",\"name\":\"EmSolar\",\"url\":\"https:\/\/emsolar.es\/\",\"logo\":{\"@type\":\"ImageObject\",\"inLanguage\":\"en-GB\",\"@id\":\"https:\/\/emsolar.es\/#\/schema\/logo\/image\/\",\"url\":\"https:\/\/emsolar.es\/wp-content\/uploads\/2022\/03\/emsolar-gris-horizontal.png\",\"contentUrl\":\"https:\/\/emsolar.es\/wp-content\/uploads\/2022\/03\/emsolar-gris-horizontal.png\",\"width\":2481,\"height\":828,\"caption\":\"EmSolar\"},\"image\":{\"@id\":\"https:\/\/emsolar.es\/#\/schema\/logo\/image\/\"}}]}<\/script>\n<!-- \/ Yoast SEO Premium plugin. -->","yoast_head_json":{"title":"EmSolar - Energy efficiency - Contact us","description":"Contact EmSolar through our form, email or phone to receive all kinds of information.","robots":{"index":"index","follow":"follow","max-snippet":"max-snippet:-1","max-image-preview":"max-image-preview:large","max-video-preview":"max-video-preview:-1"},"canonical":"https:\/\/emsolar.es\/en\/","og_locale":"en_GB","og_type":"article","og_title":"Contacto","og_description":"Ponte en contacto con EmSolar a trav\u00e9s de nuestro formulario, correo electr\u00f3nico o tel\u00e9fono para recibir informaci\u00f3n de todo tipo.","og_url":"https:\/\/emsolar.es\/en\/","og_site_name":"EM Solar","article_modified_time":"2025-01-10T10:32:30+00:00","twitter_card":"summary_large_image","twitter_misc":{"Estimated reading time":"1 minute"},"schema":{"@context":"https:\/\/schema.org","@graph":[{"@type":"WebPage","@id":"https:\/\/emsolar.es\/contacto\/","url":"https:\/\/emsolar.es","name":"EmSolar - Energy efficiency - Contact us","isPartOf":{"@id":"https:\/\/emsolar.es\/#website"},"datePublished":"2022-03-29T06:34:47+00:00","dateModified":"2025-01-10T10:32:30+00:00","description":"Contact EmSolar through our form, email or phone to receive all kinds of information.","breadcrumb":{"@id":"https:\/\/emsolar.es#breadcrumb"},"inLanguage":"en-GB","potentialAction":[{"@type":"ReadAction","target":["https:\/\/emsolar.es"]}]},{"@type":"BreadcrumbList","@id":"https:\/\/emsolar.es#breadcrumb","itemListElement":[{"@type":"ListItem","position":1,"name":"Portada","item":"https:\/\/emsolar.es\/"},{"@type":"ListItem","position":2,"name":"Contacto"}]},{"@type":"WebSite","@id":"https:\/\/emsolar.es\/#website","url":"https:\/\/emsolar.es\/","name":"EM Solar","description":"Instalaciones fotovoltaicas - Eficiencia y sostenibilidad","publisher":{"@id":"https:\/\/emsolar.es\/#organization"},"potentialAction":[{"@type":"SearchAction","target":{"@type":"EntryPoint","urlTemplate":"https:\/\/emsolar.es\/?s={search_term_string}"},"query-input":{"@type":"PropertyValueSpecification","valueRequired":true,"valueName":"search_term_string"}}],"inLanguage":"en-GB"},{"@type":"Organization","@id":"https:\/\/emsolar.es\/#organization","name":"EmSolar","url":"https:\/\/emsolar.es\/","logo":{"@type":"ImageObject","inLanguage":"en-GB","@id":"https:\/\/emsolar.es\/#\/schema\/logo\/image\/","url":"https:\/\/emsolar.es\/wp-content\/uploads\/2022\/03\/emsolar-gris-horizontal.png","contentUrl":"https:\/\/emsolar.es\/wp-content\/uploads\/2022\/03\/emsolar-gris-horizontal.png","width":2481,"height":828,"caption":"EmSolar"},"image":{"@id":"https:\/\/emsolar.es\/#\/schema\/logo\/image\/"}}]}},"_links":{"self":[{"href":"https:\/\/emsolar.es\/en\/wp-json\/wp\/v2\/pages\/494","targetHints":{"allow":["GET"]}}],"collection":[{"href":"https:\/\/emsolar.es\/en\/wp-json\/wp\/v2\/pages"}],"about":[{"href":"https:\/\/emsolar.es\/en\/wp-json\/wp\/v2\/types\/page"}],"author":[{"embeddable":true,"href":"https:\/\/emsolar.es\/en\/wp-json\/wp\/v2\/users\/2"}],"replies":[{"embeddable":true,"href":"https:\/\/emsolar.es\/en\/wp-json\/wp\/v2\/comments?post=494"}],"version-history":[{"count":0,"href":"https:\/\/emsolar.es\/en\/wp-json\/wp\/v2\/pages\/494\/revisions"}],"wp:attachment":[{"href":"https:\/\/emsolar.es\/en\/wp-json\/wp\/v2\/media?parent=494"}],"curies":[{"name":"wp","href":"https:\/\/api.w.org\/{rel}","templated":true}]}}