{"id":808,"date":"2022-03-29T16:11:07","date_gmt":"2022-03-29T16:11:07","guid":{"rendered":"https:\/\/emsolar.es\/?page_id=808"},"modified":"2022-04-18T16:35:42","modified_gmt":"2022-04-18T16:35:42","slug":"aviso-legal","status":"publish","type":"page","link":"https:\/\/emsolar.es\/en\/aviso-legal\/","title":{"rendered":"Aviso Legal"},"content":{"rendered":"<div data-elementor-type=\"wp-page\" data-elementor-id=\"808\" class=\"elementor elementor-808\">\n\t\t\t\t\t\t<section class=\"elementor-section elementor-top-section elementor-element elementor-element-62ecbfa elementor-section-boxed elementor-section-height-default elementor-section-height-default\" data-id=\"62ecbfa\" data-element_type=\"section\">\n\t\t\t\t\t\t<div class=\"elementor-container elementor-column-gap-default\">\n\t\t\t\t\t<div class=\"elementor-column elementor-col-100 elementor-top-column elementor-element elementor-element-f89f04f\" data-id=\"f89f04f\" data-element_type=\"column\">\n\t\t\t<div class=\"elementor-widget-wrap elementor-element-populated\">\n\t\t\t\t\t\t<div class=\"elementor-element elementor-element-623ba74 elementor-widget elementor-widget-heading\" data-id=\"623ba74\" data-element_type=\"widget\" data-widget_type=\"heading.default\">\n\t\t\t\t<div class=\"elementor-widget-container\">\n\t\t\t\t\t<h2 class=\"elementor-heading-title elementor-size-default\">Legal Notice<\/h2>\t\t\t\t<\/div>\n\t\t\t\t<\/div>\n\t\t\t\t<div class=\"elementor-element elementor-element-9761c8d elementor-widget elementor-widget-text-editor\" data-id=\"9761c8d\" data-element_type=\"widget\" data-widget_type=\"text-editor.default\">\n\t\t\t\t<div class=\"elementor-widget-container\">\n\t\t\t\t\t\t\t\t\t<p>En cumplimiento del art\u00edculo 10 de la Ley 34\/2002, del 11 de julio, de servicios de la Sociedad de la Informaci\u00f3n y Comercio Electr\u00f3nico (LSSIC E) se exponen a continuaci\u00f3n los datos identificativos de la empresa.<\/p><p><strong>Denominaci\u00f3n social:\u00a0<\/strong><strong>Emsolar y Renovables, S.L.<\/strong><\/p><p>N\u00famero de identificaci\u00f3n fiscal: B05566641. Registro Mercantil de Murcia, Tomo\u00a0\u00a0\u00a0 , Libro\u00a0\u00a0\u00a0 , Hoja\u00a0\u00a0\u00a0\u00a0 , inscripci\u00f3n<\/p><p>Domicilio social: C\/ David Mart\u00ednez Albaladejo, n\u00fam.\u00a0 2, 30730 San Javier \u2013 Murcia.<\/p><p>Atendiendo a comunicaciones de los usuarios y\/o interesados en la siguiente direcci\u00f3n de correo electr\u00f3nico: privacidad@emsolar.es.<\/p><p><strong>Concepto de USUARIO<\/strong><\/p><p>USUARIO es todo aquel que accede a la web, utilice o no los contenidos o informaci\u00f3n el ella dispuestos.\u00a0<br \/>El USUARIO manifiesta y acepta expresamente que el acceso a la web supone en toda su extensi\u00f3n el compromiso inequ\u00edvoco de cumplimiento de todas y cada una de las condiciones generales de mero acceso y utilizaci\u00f3n de cualquiera de los contenidos\u00a0facilitados y\/o prestados por la web. En todo caso, si el USUARIO no entendiera o asumiera el cumplimiento de todo o parte de las citadas condiciones generales no deber\u00e1 acceder ni utilizar la web y\/o los contenidos dispuestos y\/o prestados a trav\u00e9s de la misma. En consecuencia, el Usuario debe leer atentamente el presente Aviso Legal\u00a0y\u00a0Pol\u00edtica de Privacidad en cada una de las ocasiones en que se proponga utilizar la web, ya que puede sufrir modificaciones. En el caso de que pueda surgir alguna duda de la lectura del Aviso Legal y Pol\u00edtica de Privacidad, no duden en ponerse en contacto con el titular de la web en la direcci\u00f3n arriba indicada del responsable.<\/p><p><strong>Objeto<\/strong><\/p><p>Emsolar y Renovables, S.L. (\u201cCLIENTE\u201d) (En adelante el prestador), responsable del sitio web, pone a disposici\u00f3n de los usuarios el presente documento con el que pretende dar cumplimiento a las obligaciones dispuestas en la Ley 34\/2002, de Servicios de la Sociedad de la Informaci\u00f3n y del Comercio Electr\u00f3nico (LSSI-C E), as\u00ed como informar a todos los usuarios del sitio web respecto a cu\u00e1les son las condiciones de uso del sitio web.<\/p><p>Toda persona que acceda a este sitio web asume el papel de usuario, comprometi\u00e9ndose a la observancia y cumplimiento riguroso de las disposiciones aqu\u00ed dispuestas, as\u00ed como a cualquiera otra disposici\u00f3n legal que fuera de aplicaci\u00f3n.<\/p><p>El prestador se reserva el derecho a modificar cualquier tipo de informaci\u00f3n que pudiera aparecer en el sitio web, sin que exista obligaci\u00f3n de preavisar o poner en conocimiento de los usuarios dichas obligaciones, entendi\u00e9ndose como suficiente con la publicaci\u00f3n en el sitio web del prestador.<\/p><p><strong>Responsabilidad<\/strong><\/p><p>El prestador se exime de cualquier tipo de responsabilidad derivada de la informaci\u00f3n publicada en su sitio web, siempre que esta informaci\u00f3n haya sido manipulada o introducida por un tercero ajeno al mismo.<\/p><p>El sitio web del prestador puede utilizar cookies (peque\u00f1os archivos de informaci\u00f3n que el servidor env\u00eda al ordenador de quien accede a la p\u00e1gina) para llevar a cabo determinadas funciones que son consideradas imprescindibles para el correcto funcionamiento y visualizaci\u00f3n del sitio. Las cookies utilizadas en el sitio web tienen, en todo caso, car\u00e1cter temporal con la \u00fanica finalidad de hacer m\u00e1s eficaz su transmisi\u00f3n ulterior y desaparecen poco despu\u00e9s de terminar la sesi\u00f3n del usuario. En ning\u00fan caso se utilizar\u00e1n las cookies para recoger informaci\u00f3n de car\u00e1cter personal.<\/p><p>Desde el sitio web del cliente es posible que se redirija a contenidos de terceros sitios web. Dado que el prestador no puede controlar siempre los contenidos introducidos por los terceros en sus sitios web, \u00e9ste no asume ning\u00fan tipo de responsabilidad respecto a dichos contenidos. En todo caso, el prestador manifiesta que proceder\u00e1 a la retirada inmediata de cualquier contenido que pudiera contravenir la legislaci\u00f3n nacional o internacional, la moral o el orden p\u00fablico, procediendo a la retirada inmediata de la redirecci\u00f3n a dicho sitio web, poniendo en conocimiento de las autoridades competentes el contenido en cuesti\u00f3n.<\/p><p>El prestador no se hace responsable de la informaci\u00f3n y contenidos almacenados, a t\u00edtulo enunciativo, pero no limitativo, en foros, chat\u00b4s, generadores de blogs, comentarios, redes sociales o cualesquiera otros medios que permita a terceros publicar contenidos de forma independiente en la p\u00e1gina web del prestador. No obstante, y en cumplimiento de lo dispuesto en el Art. 11 y 16 de la LSSI-CE, el prestador se pone a disposici\u00f3n de todos los usuarios, autoridades y fuerzas de seguridad, y colaborando de forma activa en la retirada o en su caso bloqueo de todos aquellos contenidos que pudieran afectar o contravenir la legislaci\u00f3n nacional, o internacional, derechos de terceros o la moral y el orden p\u00fablico. En caso de que el usuario considere que existe en el sitio web alg\u00fan contenido que pudiera ser susceptible de esta clasificaci\u00f3n, se ruega lo notifique de forma inmediata al administrador del sitio web.<\/p><p>Este sitio web ha sido revisado y probado para que funcione correctamente. En principio, puede garantizarse el correcto funcionamiento los 365 d\u00edas del a\u00f1o, 24 horas al d\u00eda. No obstante, el prestador no descarta la posibilidad de que existan ciertos errores de programaci\u00f3n, o que acontezcan causas de fuerza mayor, cat\u00e1strofes naturales, huelgas, o circunstancias semejantes que hagan imposible el acceso a la p\u00e1gina web.<\/p><p><strong>Propiedad Intelectual e industrial<\/strong><\/p><p>El sitio web, incluyendo a t\u00edtulo enunciativo, pero no limitativo su programaci\u00f3n, edici\u00f3n, compilaci\u00f3n y dem\u00e1s elementos necesarios para su funcionamiento, los dise\u00f1os, logotipos, texto y\/o gr\u00e1ficos son propiedad del prestador o en su caso dispone de licencia o autorizaci\u00f3n expresa por parte de los autores. Todos los contenidos del sitio web se encuentran debidamente protegidos por la normativa de propiedad intelectual e industrial, as\u00ed como inscritos en los registros p\u00fablicos correspondientes.<\/p><p>Independientemente de la finalidad para la que fueran destinados, la reproducci\u00f3n total o parcial, uso, explotaci\u00f3n, distribuci\u00f3n y comercializaci\u00f3n, requiere en todo caso de la autorizaci\u00f3n escrita previa por parte del prestador. Cualquier uso no autorizado previamente por parte del prestador ser\u00e1 considerado un incumplimiento grave de los derechos de propiedad intelectual o industrial del autor.<\/p><p>Los dise\u00f1os, logotipos, texto y\/o gr\u00e1ficos ajenos al prestador y que pudieran aparecer en el sitio web, pertenecen a sus respectivos propietarios, siendo ellos mismos responsables de cualquier posible controversia que pudiera suscitarse respecto a los mismos. En todo caso, el prestador cuenta con la autorizaci\u00f3n expresa y previa por parte de los mismos.<\/p><p>El prestador no autoriza expresamente a que terceros puedan redirigir directamente a los contenidos concretos del sitio web, debiendo en todo caso redirigir al sitio web principal del prestador.<\/p><p>El prestador reconoce a favor de sus titulares los correspondientes derechos de propiedad industrial e intelectual, no implicando su sola menci\u00f3n o aparici\u00f3n en el sitio web la existencia de derechos o responsabilidad alguna del prestador sobre los mismos, como tampoco respaldo, patrocinio o recomendaci\u00f3n por parte del mismo.<\/p><p><strong>Cookies<\/strong><\/p><p>Las cookies\u00a0son ficheros enviados a un navegador por medio de un servidor web para registrar algunas actividades del usuario en el sitio web. Las cookies que instalamos nosotros, nuestros socios comerciales u otras partes cuando visitas este sitio web no te reconocen personalmente como individuo ni da\u00f1an tu dispositivo de forma alguna; S\u00f3lo reconocen el dispositivo que utilizas, te permiten acceder a varias funciones importantes del sitio web, mantienen seguras \u00e1reas privadas del sitio web, recuerdan tus preferencias, personalizan el contenido del sitio web de forma que sea m\u00e1s pertinente para ti y nos permiten contar el n\u00famero de visitas que recibimos en cada p\u00e1gina y hacer an\u00e1lisis estad\u00edsticos an\u00f3nimos para mejorar nuestro servicio.<\/p><p>El USUARIO manifiesta y autoriza expresa e inequ\u00edvocamente a que el titular utilice, si as\u00ed lo estima conveniente, \u201ccookies\u201d, cuando se acceda y\/o se utilice la web por parte del USUARIO. Dichas \u201ccookies\u201d podr\u00e1n ser rechazadas voluntariamente por el USUARIO. La utilizaci\u00f3n de dichas \u201ccookies\u201d por parte del titular se producir\u00e1 de manera disociada, de manera que no se llevar\u00e1 a cabo un proceso de asociaci\u00f3n entre el USUARIO y\/o su dispositivo de acceso y los datos personales del USUARIO. En ning\u00fan caso el rechazo voluntario de establecimiento de \u201cCookies\u201d perjudicar\u00e1 la posibilidad del USUARIO de acceder y utilizar los Contenidos. Para m\u00e1s informaci\u00f3n ver POLITICA DE COOKIES.<\/p><p>Las cookies\u00a0son ficheros enviados a un navegador por medio de un servidor web para registrar algunas actividades del usuario en el sitio web. Las cookies que instalamos nosotros, nuestros socios comerciales u otras partes cuando visitas este sitio web no te reconocen personalmente como individuo ni da\u00f1an tu dispositivo de forma alguna; S\u00f3lo reconocen el dispositivo que utilizas, te permiten acceder a varias funciones importantes del sitio web, mantienen seguras \u00e1reas privadas del sitio web, recuerdan tus preferencias, personalizan el contenido del sitio web de forma que sea m\u00e1s pertinente para ti y nos permiten contar el n\u00famero de visitas que recibimos en cada p\u00e1gina y hacer an\u00e1lisis estad\u00edsticos an\u00f3nimos para mejorar nuestro servicio.<\/p><p>Aqu\u00ed te informamos del tipo de cookies que actualmente usamos en nuestro sitio web:\u00a0Google Analytics.<br \/>Para\u00a0activar\/desactivar las cookies\u00a0tendr\u00e1s que hacerlo a trav\u00e9s de tu navegador de Internet. Puedes configurarlo para ser avisado en pantalla de la recepci\u00f3n de cookies y aceptarlas o no individualmente as\u00ed\u00ad como para impedir por defecto su instalaci\u00f3n en tu disco duro. En el caso de que tu navegador no acepte las cookies por defecto, tu experiencia en el sitio web puede ser limitada (por ejemplo, puede que no puedas realizar una compra satisfactoriamente).<\/p><p><strong>Compartimos contenidos en redes sociales<\/strong><\/p><p>El contenido de nuestra p\u00e1gina web puede ser compartido en redes sociales mediante el bot\u00f3n de Compartir. Todos los botones que permiten compartir contenido est\u00e1n integrados mediante la utilizaci\u00f3n de enlaces sencillos en vez de plugins sociales desarrollados por proveedores de redes sociales. Esto garantiza que sus datos no se transmitan autom\u00e1ticamente a los servidores de las redes sociales en cuanto accede a nuestra p\u00e1gina web. Adem\u00e1s, cuando usted comparte contenido de nuestra web solamente transmitimos a la red social la informaci\u00f3n necesaria para compartir el contenido correspondiente. En este contexto no transferimos datos personales.<\/p><p>A su vez, se pueden encontrar enlaces simples a nuestras p\u00e1ginas web en redes sociales. Si accede a un enlace de nuestra p\u00e1gina web desde una red social, o si entra en su red social para compartir contenido de nuestra web, sus datos ser\u00e1n procesados por el proveedor de la red social en cuesti\u00f3n. Para m\u00e1s informaci\u00f3n sobre el objeto y \u00e1mbito de la recogida de datos, su posterior tratamiento y uso por parte del proveedor de la red social, as\u00ed como sobre los derechos vinculados y opciones de ajuste para proteger su privacidad, por favor, dir\u00edjase a la Informaci\u00f3n sobre Protecci\u00f3n de Datos publicada por el correspondiente proveedor.<\/p><p><strong>Resoluciones<\/strong><\/p><p>Para la resoluci\u00f3n de todas las controversias o cuestiones relacionadas con el presente sitio web o de las actividades en \u00e9l desarrolladas, ser\u00e1 de aplicaci\u00f3n la legislaci\u00f3n espa\u00f1ola, a la que se someten expresamente las partes, siendo competentes para la resoluci\u00f3n de todos los conflictos derivados o relacionados con su uso los Juzgados y Tribunales de San Javier (Murcia).<\/p><p><strong>Copyright \u00a9 2022 \u2013 Emsolar y Renovables, S.L.<\/strong><\/p><p>Reservados todos los derechos de autor por las leyes y tratados internacionales de propiedad intelectual. Queda expresamente prohibida su copia, reproducci\u00f3n o difusi\u00f3n, total o parcial, por cualquier medio, sin la autorizaci\u00f3n escrita y expl\u00edcita de Emsolar y Renovables, S.L.<\/p>\t\t\t\t\t\t\t\t<\/div>\n\t\t\t\t<\/div>\n\t\t\t\t\t<\/div>\n\t\t<\/div>\n\t\t\t\t\t<\/div>\n\t\t<\/section>\n\t\t\t\t<\/div>","protected":false},"excerpt":{"rendered":"<p>Aviso legal En cumplimiento del art\u00edculo 10 de la Ley 34\/2002, del 11 de julio, de servicios de la Sociedad de la Informaci\u00f3n y Comercio Electr\u00f3nico (LSSIC E) se exponen a continuaci\u00f3n los datos identificativos de la empresa. Denominaci\u00f3n social:&nbsp;Emsolar y Renovables, S.L. N\u00famero de identificaci\u00f3n fiscal: B05566641. Registro Mercantil de Murcia, Tomo&nbsp;&nbsp;&nbsp; , Libro&nbsp;&nbsp;&nbsp; [&hellip;]<\/p>","protected":false},"author":2,"featured_media":0,"parent":0,"menu_order":8,"comment_status":"closed","ping_status":"closed","template":"elementor_header_footer","meta":{"footnotes":""},"class_list":["post-808","page","type-page","status-publish","hentry"],"yoast_head":"<!-- This site is optimized with the Yoast SEO Premium plugin v18.3 (Yoast SEO v25.5) - https:\/\/yoast.com\/wordpress\/plugins\/seo\/ -->\n<title>Aviso Legal - EM Solar<\/title>\n<meta name=\"robots\" content=\"noindex, nofollow\" \/>\n<meta property=\"og:locale\" content=\"en_GB\" \/>\n<meta property=\"og:type\" content=\"article\" \/>\n<meta property=\"og:title\" content=\"Aviso Legal\" \/>\n<meta property=\"og:description\" content=\"Aviso legal En cumplimiento del art\u00edculo 10 de la Ley 34\/2002, del 11 de julio, de servicios de la Sociedad de la Informaci\u00f3n y Comercio Electr\u00f3nico (LSSIC E) se exponen a continuaci\u00f3n los datos identificativos de la empresa. Denominaci\u00f3n social:&nbsp;Emsolar y Renovables, S.L. N\u00famero de identificaci\u00f3n fiscal: B05566641. Registro Mercantil de Murcia, Tomo&nbsp;&nbsp;&nbsp; , Libro&nbsp;&nbsp;&nbsp; [&hellip;]\" \/>\n<meta property=\"og:url\" content=\"https:\/\/emsolar.es\/en\/\" \/>\n<meta property=\"og:site_name\" content=\"EM Solar\" \/>\n<meta property=\"article:modified_time\" content=\"2022-04-18T16:35:42+00:00\" \/>\n<meta name=\"twitter:card\" content=\"summary_large_image\" \/>\n<meta name=\"twitter:label1\" content=\"Estimated reading time\" \/>\n\t<meta name=\"twitter:data1\" content=\"9 minutes\" \/>\n<script type=\"application\/ld+json\" class=\"yoast-schema-graph\">{\"@context\":\"https:\/\/schema.org\",\"@graph\":[{\"@type\":\"WebPage\",\"@id\":\"https:\/\/emsolar.es\/aviso-legal\/\",\"url\":\"https:\/\/emsolar.es\",\"name\":\"Aviso Legal - EM Solar\",\"isPartOf\":{\"@id\":\"https:\/\/emsolar.es\/#website\"},\"datePublished\":\"2022-03-29T16:11:07+00:00\",\"dateModified\":\"2022-04-18T16:35:42+00:00\",\"breadcrumb\":{\"@id\":\"https:\/\/emsolar.es#breadcrumb\"},\"inLanguage\":\"en-GB\",\"potentialAction\":[{\"@type\":\"ReadAction\",\"target\":[\"https:\/\/emsolar.es\"]}]},{\"@type\":\"BreadcrumbList\",\"@id\":\"https:\/\/emsolar.es#breadcrumb\",\"itemListElement\":[{\"@type\":\"ListItem\",\"position\":1,\"name\":\"Portada\",\"item\":\"https:\/\/emsolar.es\/\"},{\"@type\":\"ListItem\",\"position\":2,\"name\":\"Aviso Legal\"}]},{\"@type\":\"WebSite\",\"@id\":\"https:\/\/emsolar.es\/#website\",\"url\":\"https:\/\/emsolar.es\/\",\"name\":\"EM Solar\",\"description\":\"Instalaciones fotovoltaicas - Eficiencia y sostenibilidad\",\"publisher\":{\"@id\":\"https:\/\/emsolar.es\/#organization\"},\"potentialAction\":[{\"@type\":\"SearchAction\",\"target\":{\"@type\":\"EntryPoint\",\"urlTemplate\":\"https:\/\/emsolar.es\/?s={search_term_string}\"},\"query-input\":{\"@type\":\"PropertyValueSpecification\",\"valueRequired\":true,\"valueName\":\"search_term_string\"}}],\"inLanguage\":\"en-GB\"},{\"@type\":\"Organization\",\"@id\":\"https:\/\/emsolar.es\/#organization\",\"name\":\"EmSolar\",\"url\":\"https:\/\/emsolar.es\/\",\"logo\":{\"@type\":\"ImageObject\",\"inLanguage\":\"en-GB\",\"@id\":\"https:\/\/emsolar.es\/#\/schema\/logo\/image\/\",\"url\":\"https:\/\/emsolar.es\/wp-content\/uploads\/2022\/03\/emsolar-gris-horizontal.png\",\"contentUrl\":\"https:\/\/emsolar.es\/wp-content\/uploads\/2022\/03\/emsolar-gris-horizontal.png\",\"width\":2481,\"height\":828,\"caption\":\"EmSolar\"},\"image\":{\"@id\":\"https:\/\/emsolar.es\/#\/schema\/logo\/image\/\"}}]}<\/script>\n<!-- \/ Yoast SEO Premium plugin. -->","yoast_head_json":{"title":"Aviso Legal - EM Solar","robots":{"index":"noindex","follow":"nofollow"},"og_locale":"en_GB","og_type":"article","og_title":"Aviso Legal","og_description":"Aviso legal En cumplimiento del art\u00edculo 10 de la Ley 34\/2002, del 11 de julio, de servicios de la Sociedad de la Informaci\u00f3n y Comercio Electr\u00f3nico (LSSIC E) se exponen a continuaci\u00f3n los datos identificativos de la empresa. Denominaci\u00f3n social:&nbsp;Emsolar y Renovables, S.L. N\u00famero de identificaci\u00f3n fiscal: B05566641. Registro Mercantil de Murcia, Tomo&nbsp;&nbsp;&nbsp; , Libro&nbsp;&nbsp;&nbsp; [&hellip;]","og_url":"https:\/\/emsolar.es\/en\/","og_site_name":"EM Solar","article_modified_time":"2022-04-18T16:35:42+00:00","twitter_card":"summary_large_image","twitter_misc":{"Estimated reading time":"9 minutes"},"schema":{"@context":"https:\/\/schema.org","@graph":[{"@type":"WebPage","@id":"https:\/\/emsolar.es\/aviso-legal\/","url":"https:\/\/emsolar.es","name":"Aviso Legal - EM Solar","isPartOf":{"@id":"https:\/\/emsolar.es\/#website"},"datePublished":"2022-03-29T16:11:07+00:00","dateModified":"2022-04-18T16:35:42+00:00","breadcrumb":{"@id":"https:\/\/emsolar.es#breadcrumb"},"inLanguage":"en-GB","potentialAction":[{"@type":"ReadAction","target":["https:\/\/emsolar.es"]}]},{"@type":"BreadcrumbList","@id":"https:\/\/emsolar.es#breadcrumb","itemListElement":[{"@type":"ListItem","position":1,"name":"Portada","item":"https:\/\/emsolar.es\/"},{"@type":"ListItem","position":2,"name":"Aviso Legal"}]},{"@type":"WebSite","@id":"https:\/\/emsolar.es\/#website","url":"https:\/\/emsolar.es\/","name":"EM Solar","description":"Instalaciones fotovoltaicas - Eficiencia y sostenibilidad","publisher":{"@id":"https:\/\/emsolar.es\/#organization"},"potentialAction":[{"@type":"SearchAction","target":{"@type":"EntryPoint","urlTemplate":"https:\/\/emsolar.es\/?s={search_term_string}"},"query-input":{"@type":"PropertyValueSpecification","valueRequired":true,"valueName":"search_term_string"}}],"inLanguage":"en-GB"},{"@type":"Organization","@id":"https:\/\/emsolar.es\/#organization","name":"EmSolar","url":"https:\/\/emsolar.es\/","logo":{"@type":"ImageObject","inLanguage":"en-GB","@id":"https:\/\/emsolar.es\/#\/schema\/logo\/image\/","url":"https:\/\/emsolar.es\/wp-content\/uploads\/2022\/03\/emsolar-gris-horizontal.png","contentUrl":"https:\/\/emsolar.es\/wp-content\/uploads\/2022\/03\/emsolar-gris-horizontal.png","width":2481,"height":828,"caption":"EmSolar"},"image":{"@id":"https:\/\/emsolar.es\/#\/schema\/logo\/image\/"}}]}},"_links":{"self":[{"href":"https:\/\/emsolar.es\/en\/wp-json\/wp\/v2\/pages\/808","targetHints":{"allow":["GET"]}}],"collection":[{"href":"https:\/\/emsolar.es\/en\/wp-json\/wp\/v2\/pages"}],"about":[{"href":"https:\/\/emsolar.es\/en\/wp-json\/wp\/v2\/types\/page"}],"author":[{"embeddable":true,"href":"https:\/\/emsolar.es\/en\/wp-json\/wp\/v2\/users\/2"}],"replies":[{"embeddable":true,"href":"https:\/\/emsolar.es\/en\/wp-json\/wp\/v2\/comments?post=808"}],"version-history":[{"count":0,"href":"https:\/\/emsolar.es\/en\/wp-json\/wp\/v2\/pages\/808\/revisions"}],"wp:attachment":[{"href":"https:\/\/emsolar.es\/en\/wp-json\/wp\/v2\/media?parent=808"}],"curies":[{"name":"wp","href":"https:\/\/api.w.org\/{rel}","templated":true}]}}